{"id":1043,"date":"2025-12-04T10:36:43","date_gmt":"2025-12-04T07:36:43","guid":{"rendered":"https:\/\/tavoittaja.fi\/?page_id=1043"},"modified":"2025-12-04T10:36:43","modified_gmt":"2025-12-04T07:36:43","slug":"hairioviestinta","status":"publish","type":"page","link":"https:\/\/tavoittaja.fi\/en\/hairioviestinta\/","title":{"rendered":"Incident communication"},"content":{"rendered":"<div class=\"wp-block-group alignwide is-layout-constrained wp-container-core-group-is-layout-d5d3546b wp-block-group-is-layout-constrained\" style=\"padding-top:var(--wp--preset--spacing--80);padding-bottom:var(--wp--preset--spacing--80)\">\n<h1 class=\"wp-block-heading alignwide has-text-align-center\" style=\"margin-top:0;margin-bottom:0;font-size:64px;font-style:normal;font-weight:800;letter-spacing:-0.6px;line-height:1.1\"><strong>Text messages as an effective tool for disruption communication<\/strong>&nbsp;<\/h1>\n\n\n\n<p class=\"has-text-align-center has-ast-global-color-3-color has-text-color has-link-color wp-elements-7ff7b38f1f8b768f4e7dc4b3ad478291\" style=\"font-size:20px\">Disruptions and crises can arise unexpectedly and have a wide impact on people\u2019s daily lives. In such situations, fast, clear, and reliable disruption communication is crucial to help people make the right decisions and act safely. One of the most effective communication channels for this is text messaging.&nbsp;<\/p>\n\n\n\n<div class=\"wp-block-buttons is-content-justification-center is-layout-flex wp-container-core-buttons-is-layout-a89b3969 wp-block-buttons-is-layout-flex\">\n<div class=\"wp-block-button\"><a class=\"wp-block-button__link wp-element-button\" href=\"https:\/\/app.tavoittaja.fi\/register\" target=\"_blank\" rel=\"noreferrer noopener\">Try for free<\/a><\/div>\n\n\n\n<div class=\"wp-block-button is-style-outline is-style-outline--1\"><a class=\"wp-block-button__link wp-element-button\" href=\"https:\/\/app.tavoittaja.fi\/\" target=\"_blank\" rel=\"noreferrer noopener\">Log in<\/a><\/div>\n<\/div>\n<\/div>\n\n\n\n<div class=\"wp-block-group has-background is-layout-constrained wp-container-core-group-is-layout-6bf6c13b wp-block-group-is-layout-constrained\" style=\"border-top-left-radius:10px;border-top-right-radius:10px;border-bottom-left-radius:10px;border-bottom-right-radius:10px;background-color:#fbf9ff;margin-top:var(--wp--preset--spacing--60);margin-bottom:var(--wp--preset--spacing--60)\">\n<div class=\"wp-block-uagb-advanced-heading uagb-block-746c5657\"><h2 class=\"uagb-heading-text\"><strong>Speed and reach<\/strong><\/h2><\/div>\n\n\n\n<p>Text messages reach your recipients instantly and directly on their mobile phones. Unlike email or social media, SMS does not require an internet connection and is often read shortly after being received. This makes SMS communication especially useful in situations where traditional channels may be congested or unavailable.<\/p>\n<\/div>\n\n\n\n<div class=\"wp-block-group has-background is-layout-constrained wp-container-core-group-is-layout-6bf6c13b wp-block-group-is-layout-constrained\" style=\"border-top-left-radius:10px;border-top-right-radius:10px;border-bottom-left-radius:10px;border-bottom-right-radius:10px;background-color:#fbf9ff;margin-top:var(--wp--preset--spacing--60);margin-bottom:var(--wp--preset--spacing--60)\">\n<div class=\"wp-block-uagb-advanced-heading uagb-block-556f541d\"><h2 class=\"uagb-heading-text\"><strong><strong>Clarity and targeted communication<\/strong><\/strong><\/h2><\/div>\n\n\n\n<p>In disruption communication, it is important that messages are short, clear, and easy to understand. Text messages enforce brevity, helping to avoid confusion. Additionally, messages can be targeted by area, group, or service users, ensuring the right information reaches the right people exactly when needed.<\/p>\n<\/div>\n\n\n\n<div class=\"wp-block-group has-background is-layout-constrained wp-container-core-group-is-layout-6bf6c13b wp-block-group-is-layout-constrained\" style=\"border-top-left-radius:10px;border-top-right-radius:10px;border-bottom-left-radius:10px;border-bottom-right-radius:10px;background-color:#fbf9ff;margin-top:var(--wp--preset--spacing--60);margin-bottom:var(--wp--preset--spacing--60)\">\n<div class=\"wp-block-uagb-advanced-heading uagb-block-0f06415c\"><h2 class=\"uagb-heading-text\"><strong><strong><strong>Automation and scheduling<\/strong><\/strong><\/strong><\/h2><\/div>\n\n\n\n<p>You can automate text message sending using Tavoittaja\u2019s API, allowing messages to be sent either when a disruption occurs or proactively at a scheduled time. Scheduled messages are useful for informing about power or water outages, traffic disruptions, or precautionary instructions.<\/p>\n<\/div>\n\n\n\n<div class=\"wp-block-group has-background is-layout-constrained wp-container-core-group-is-layout-6bf6c13b wp-block-group-is-layout-constrained\" style=\"border-top-left-radius:10px;border-top-right-radius:10px;border-bottom-left-radius:10px;border-bottom-right-radius:10px;background-color:#fbf9ff;margin-top:var(--wp--preset--spacing--60);margin-bottom:var(--wp--preset--spacing--60)\">\n<div class=\"wp-block-uagb-advanced-heading uagb-block-8e849e88\"><h2 class=\"uagb-heading-text\"><strong><strong><strong><strong>Multichannel support<\/strong><\/strong><\/strong><\/strong><\/h2><\/div>\n\n\n\n<p>While text messages are effective on their own, they work best as part of a multichannel communication strategy. Tavoittaja\u2019s messages can be integrated with your company or organization\u2019s emails, mobile apps, or social media notifications, ensuring that information reaches the widest possible audience.<\/p>\n<\/div>\n\n\n\n<div class=\"wp-block-group has-background is-layout-constrained wp-container-core-group-is-layout-6bf6c13b wp-block-group-is-layout-constrained\" style=\"border-top-left-radius:10px;border-top-right-radius:10px;border-bottom-left-radius:10px;border-bottom-right-radius:10px;background-color:#fbf9ff;margin-top:var(--wp--preset--spacing--60);margin-bottom:var(--wp--preset--spacing--60)\">\n<div class=\"wp-block-uagb-advanced-heading uagb-block-bb1132d6\"><h2 class=\"uagb-heading-text\"><strong><strong><strong><strong><strong>Reliability in emergency situations<\/strong><\/strong><\/strong><\/strong><\/strong><\/h2><\/div>\n\n\n\n<p>In emergencies such as storms, power outages, or fires, many communication channels can be unreliable. Text messages are often the most reliable, as they use basic mobile network features and do not require a broadband connection. This makes Tavoittaja an excellent tool for ensuring safety and timely information.<\/p>\n<\/div>\n\n\n\n<div class=\"wp-block-group has-background is-layout-constrained wp-container-core-group-is-layout-6bf6c13b wp-block-group-is-layout-constrained\" style=\"border-top-left-radius:10px;border-top-right-radius:10px;border-bottom-left-radius:10px;border-bottom-right-radius:10px;background-color:#fbf9ff;margin-top:var(--wp--preset--spacing--60);margin-bottom:var(--wp--preset--spacing--60)\">\n<div class=\"wp-block-uagb-advanced-heading uagb-block-d5715f7c\"><h2 class=\"uagb-heading-text\"><strong><strong><strong><strong><strong><strong>Monitoring and reporting<\/strong><\/strong><\/strong><\/strong><\/strong><\/strong><\/h2><\/div>\n\n\n\n<p>Tavoittaja provides the ability to track message delivery and recipient reach. This allows you to evaluate the effectiveness of your disruption communication and take additional measures quickly if needed.<\/p>\n<\/div>\n\n\n\n<div class=\"wp-block-group has-background is-layout-constrained wp-container-core-group-is-layout-6bf6c13b wp-block-group-is-layout-constrained\" style=\"border-top-left-radius:10px;border-top-right-radius:10px;border-bottom-left-radius:10px;border-bottom-right-radius:10px;background-color:#fbf9ff;margin-top:var(--wp--preset--spacing--60);margin-bottom:var(--wp--preset--spacing--60)\">\n<div class=\"wp-block-uagb-advanced-heading uagb-block-6acda9de\"><h2 class=\"uagb-heading-text\"><strong><strong><strong><strong><strong><strong><strong>Delivery speed<\/strong>&nbsp;<\/strong><\/strong><\/strong><\/strong><\/strong><\/strong><\/h2><\/div>\n\n\n\n<p>Many systems send text messages slowly; sending a large batch, such as 10,000 messages at once, can take a long time\u2014sometimes up to 30 minutes. In time-critical disruption communication, it\u2019s crucial that your messages reach recipients immediately. With Tavoittaja, even large deliveries are transmitted to carriers almost instantly, ensuring your SMS reaches recipients without delay.&nbsp;<\/p>\n<\/div>\n\n\n\n<div class=\"wp-block-group has-background is-layout-constrained wp-container-core-group-is-layout-6bf6c13b wp-block-group-is-layout-constrained\" style=\"border-top-left-radius:10px;border-top-right-radius:10px;border-bottom-left-radius:10px;border-bottom-right-radius:10px;background-color:#fbf9ff;margin-top:var(--wp--preset--spacing--60);margin-bottom:var(--wp--preset--spacing--60)\">\n<div class=\"wp-block-uagb-advanced-heading uagb-block-8d18c0eb\"><h2 class=\"uagb-heading-text\"><strong><strong><strong><strong><strong><strong><strong><strong>No monthly fee<\/strong>&nbsp;<\/strong><\/strong><\/strong><\/strong><\/strong><\/strong><\/strong><\/h2><\/div>\n\n\n\n<p>Tavoittaja is a completely no-monthly-fee service (\u20ac0\/month). You only pay for the messages you send. This helps reduce the costs of disruption communication, especially if message sending is sporadic, as a monthly subscription can become significantly more expensive over a year.&nbsp;<\/p>\n<\/div>\n\n\n\n<div class=\"wp-block-group alignfull has-ast-global-color-0-background-color has-background is-layout-constrained wp-container-core-group-is-layout-fb1ff79e wp-block-group-is-layout-constrained\" style=\"margin-top:var(--wp--preset--spacing--80);margin-bottom:0;padding-top:var(--wp--preset--spacing--80);padding-bottom:var(--wp--preset--spacing--80);background-image:url(&apos;https:\/\/tavoittaja.fi\/wp-content\/uploads\/2025\/09\/bg-green.png&apos;);background-position:50% 53%;background-size:cover;\">\n<h2 class=\"wp-block-heading has-text-align-center\">Want to learn more?<\/h2>\n\n\n\n<p class=\"has-text-align-center\">We\u2019re happy to tell you more! Our customer service is ready to answer any questions you may have.<\/p>\n\n\n\n<div class=\"wp-block-buttons is-content-justification-center is-layout-flex wp-container-core-buttons-is-layout-a89b3969 wp-block-buttons-is-layout-flex\">\n<div class=\"wp-block-button is-style-fill\"><a class=\"wp-block-button__link has-ast-global-color-2-color has-white-background-color has-text-color has-background has-link-color wp-element-button\" href=\"\/en\/asiakaspalvelu\/\">Contact us<\/a><\/div>\n<\/div>\n<\/div>","protected":false},"excerpt":{"rendered":"<p>Tekstiviestit h\u00e4iri\u00f6viestinn\u00e4n tehokkaana ty\u00f6kaluna&nbsp; H\u00e4iri\u00f6tilanteet ja kriisitilanteet voivat synty\u00e4 yll\u00e4tt\u00e4en ja vaikuttaa laajasti ihmisten arkeen. T\u00e4llaisissa tilanteissa nopea, selke\u00e4 ja [&hellip;]<\/p>\n","protected":false},"author":1,"featured_media":405,"parent":0,"menu_order":0,"comment_status":"closed","ping_status":"closed","template":"","meta":{"_uag_custom_page_level_css":"","site-sidebar-layout":"default","site-content-layout":"","ast-site-content-layout":"default","site-content-style":"default","site-sidebar-style":"default","ast-global-header-display":"","ast-banner-title-visibility":"","ast-main-header-display":"","ast-hfb-above-header-display":"","ast-hfb-below-header-display":"","ast-hfb-mobile-header-display":"","site-post-title":"disabled","ast-breadcrumbs-content":"","ast-featured-img":"disabled","footer-sml-layout":"","ast-disable-related-posts":"","theme-transparent-header-meta":"","adv-header-id-meta":"","stick-header-meta":"","header-above-stick-meta":"","header-main-stick-meta":"","header-below-stick-meta":"","astra-migrate-meta-layouts":"default","ast-page-background-enabled":"default","ast-page-background-meta":{"desktop":{"background-color":"var(--ast-global-color-5)","background-image":"","background-repeat":"repeat","background-position":"center center","background-size":"auto","background-attachment":"scroll","background-type":"","background-media":"","overlay-type":"","overlay-color":"","overlay-opacity":"","overlay-gradient":""},"tablet":{"background-color":"","background-image":"","background-repeat":"repeat","background-position":"center center","background-size":"auto","background-attachment":"scroll","background-type":"","background-media":"","overlay-type":"","overlay-color":"","overlay-opacity":"","overlay-gradient":""},"mobile":{"background-color":"","background-image":"","background-repeat":"repeat","background-position":"center center","background-size":"auto","background-attachment":"scroll","background-type":"","background-media":"","overlay-type":"","overlay-color":"","overlay-opacity":"","overlay-gradient":""}},"ast-content-background-meta":{"desktop":{"background-color":"var(--ast-global-color-4)","background-image":"","background-repeat":"repeat","background-position":"center center","background-size":"auto","background-attachment":"scroll","background-type":"","background-media":"","overlay-type":"","overlay-color":"","overlay-opacity":"","overlay-gradient":""},"tablet":{"background-color":"var(--ast-global-color-4)","background-image":"","background-repeat":"repeat","background-position":"center center","background-size":"auto","background-attachment":"scroll","background-type":"","background-media":"","overlay-type":"","overlay-color":"","overlay-opacity":"","overlay-gradient":""},"mobile":{"background-color":"var(--ast-global-color-4)","background-image":"","background-repeat":"repeat","background-position":"center center","background-size":"auto","background-attachment":"scroll","background-type":"","background-media":"","overlay-type":"","overlay-color":"","overlay-opacity":"","overlay-gradient":""}},"footnotes":""},"class_list":["post-1043","page","type-page","status-publish","has-post-thumbnail","hentry"],"yoast_head":"<!-- This site is optimized with the Yoast SEO plugin v27.3 - https:\/\/yoast.com\/product\/yoast-seo-wordpress\/ -->\n<title>Tehokas h\u00e4iri\u00f6viestint\u00e4 kanava | Ilman kuukausimaksua!<\/title>\n<meta name=\"description\" content=\"Tekstiviestit ovat tehokas kanava h\u00e4iri\u00f6viestint\u00e4\u00e4n. Ne tavoittavat ihmiset nopeasti ja mahdollistavat selkeiden ohjeiden ja varoitusten v\u00e4litt\u00e4misen heti.\" \/>\n<meta name=\"robots\" content=\"index, follow, max-snippet:-1, max-image-preview:large, max-video-preview:-1\" \/>\n<link rel=\"canonical\" href=\"https:\/\/tavoittaja.fi\/en\/hairioviestinta\/\" \/>\n<meta property=\"og:locale\" content=\"en_GB\" \/>\n<meta property=\"og:type\" content=\"article\" \/>\n<meta property=\"og:title\" content=\"Tehokas h\u00e4iri\u00f6viestint\u00e4 kanava | Ilman kuukausimaksua!\" \/>\n<meta property=\"og:description\" content=\"Tekstiviestit ovat tehokas kanava h\u00e4iri\u00f6viestint\u00e4\u00e4n. Ne tavoittavat ihmiset nopeasti ja mahdollistavat selkeiden ohjeiden ja varoitusten v\u00e4litt\u00e4misen heti.\" \/>\n<meta property=\"og:url\" content=\"https:\/\/tavoittaja.fi\/en\/hairioviestinta\/\" \/>\n<meta property=\"og:site_name\" content=\"Tavoittaja\" \/>\n<meta property=\"og:image\" content=\"https:\/\/tavoittaja.fi\/wp-content\/uploads\/2025\/09\/tavoittaja-featured-img.png\" \/>\n\t<meta property=\"og:image:width\" content=\"1200\" \/>\n\t<meta property=\"og:image:height\" content=\"628\" \/>\n\t<meta property=\"og:image:type\" content=\"image\/png\" \/>\n<meta name=\"twitter:card\" content=\"summary_large_image\" \/>\n<meta name=\"twitter:label1\" content=\"Estimated reading time\" \/>\n\t<meta name=\"twitter:data1\" content=\"2 minutes\" \/>\n<script type=\"application\/ld+json\" class=\"yoast-schema-graph\">{\"@context\":\"https:\\\/\\\/schema.org\",\"@graph\":[{\"@type\":\"WebPage\",\"@id\":\"https:\\\/\\\/tavoittaja.fi\\\/hairioviestinta\\\/\",\"url\":\"https:\\\/\\\/tavoittaja.fi\\\/hairioviestinta\\\/\",\"name\":\"Tehokas h\u00e4iri\u00f6viestint\u00e4 kanava | Ilman kuukausimaksua!\",\"isPartOf\":{\"@id\":\"https:\\\/\\\/tavoittaja.fi\\\/#website\"},\"primaryImageOfPage\":{\"@id\":\"https:\\\/\\\/tavoittaja.fi\\\/hairioviestinta\\\/#primaryimage\"},\"image\":{\"@id\":\"https:\\\/\\\/tavoittaja.fi\\\/hairioviestinta\\\/#primaryimage\"},\"thumbnailUrl\":\"https:\\\/\\\/tavoittaja.fi\\\/wp-content\\\/uploads\\\/2025\\\/09\\\/tavoittaja-featured-img.png\",\"datePublished\":\"2025-12-04T07:36:43+00:00\",\"description\":\"Tekstiviestit ovat tehokas kanava h\u00e4iri\u00f6viestint\u00e4\u00e4n. Ne tavoittavat ihmiset nopeasti ja mahdollistavat selkeiden ohjeiden ja varoitusten v\u00e4litt\u00e4misen heti.\",\"breadcrumb\":{\"@id\":\"https:\\\/\\\/tavoittaja.fi\\\/hairioviestinta\\\/#breadcrumb\"},\"inLanguage\":\"en-GB\",\"potentialAction\":[{\"@type\":\"ReadAction\",\"target\":[\"https:\\\/\\\/tavoittaja.fi\\\/hairioviestinta\\\/\"]}]},{\"@type\":\"ImageObject\",\"inLanguage\":\"en-GB\",\"@id\":\"https:\\\/\\\/tavoittaja.fi\\\/hairioviestinta\\\/#primaryimage\",\"url\":\"https:\\\/\\\/tavoittaja.fi\\\/wp-content\\\/uploads\\\/2025\\\/09\\\/tavoittaja-featured-img.png\",\"contentUrl\":\"https:\\\/\\\/tavoittaja.fi\\\/wp-content\\\/uploads\\\/2025\\\/09\\\/tavoittaja-featured-img.png\",\"width\":1200,\"height\":628},{\"@type\":\"BreadcrumbList\",\"@id\":\"https:\\\/\\\/tavoittaja.fi\\\/hairioviestinta\\\/#breadcrumb\",\"itemListElement\":[{\"@type\":\"ListItem\",\"position\":1,\"name\":\"Home\",\"item\":\"https:\\\/\\\/tavoittaja.fi\\\/\"},{\"@type\":\"ListItem\",\"position\":2,\"name\":\"H\u00e4iri\u00f6viestint\u00e4\"}]},{\"@type\":\"WebSite\",\"@id\":\"https:\\\/\\\/tavoittaja.fi\\\/#website\",\"url\":\"https:\\\/\\\/tavoittaja.fi\\\/\",\"name\":\"Tavoittaja\",\"description\":\"Tekstiviestipalvelu verkossa\",\"publisher\":{\"@id\":\"https:\\\/\\\/tavoittaja.fi\\\/#organization\"},\"potentialAction\":[{\"@type\":\"SearchAction\",\"target\":{\"@type\":\"EntryPoint\",\"urlTemplate\":\"https:\\\/\\\/tavoittaja.fi\\\/?s={search_term_string}\"},\"query-input\":{\"@type\":\"PropertyValueSpecification\",\"valueRequired\":true,\"valueName\":\"search_term_string\"}}],\"inLanguage\":\"en-GB\"},{\"@type\":\"Organization\",\"@id\":\"https:\\\/\\\/tavoittaja.fi\\\/#organization\",\"name\":\"Tavoittaja\",\"url\":\"https:\\\/\\\/tavoittaja.fi\\\/\",\"logo\":{\"@type\":\"ImageObject\",\"inLanguage\":\"en-GB\",\"@id\":\"https:\\\/\\\/tavoittaja.fi\\\/#\\\/schema\\\/logo\\\/image\\\/\",\"url\":\"https:\\\/\\\/tavoittaja.fi\\\/wp-content\\\/uploads\\\/2025\\\/09\\\/tavoittaja-logo-500px-green.png\",\"contentUrl\":\"https:\\\/\\\/tavoittaja.fi\\\/wp-content\\\/uploads\\\/2025\\\/09\\\/tavoittaja-logo-500px-green.png\",\"width\":500,\"height\":127,\"caption\":\"Tavoittaja\"},\"image\":{\"@id\":\"https:\\\/\\\/tavoittaja.fi\\\/#\\\/schema\\\/logo\\\/image\\\/\"}}]}<\/script>\n<!-- \/ Yoast SEO plugin. -->","yoast_head_json":{"title":"Tehokas h\u00e4iri\u00f6viestint\u00e4 kanava | Ilman kuukausimaksua!","description":"Tekstiviestit ovat tehokas kanava h\u00e4iri\u00f6viestint\u00e4\u00e4n. Ne tavoittavat ihmiset nopeasti ja mahdollistavat selkeiden ohjeiden ja varoitusten v\u00e4litt\u00e4misen heti.","robots":{"index":"index","follow":"follow","max-snippet":"max-snippet:-1","max-image-preview":"max-image-preview:large","max-video-preview":"max-video-preview:-1"},"canonical":"https:\/\/tavoittaja.fi\/en\/hairioviestinta\/","og_locale":"en_GB","og_type":"article","og_title":"Tehokas h\u00e4iri\u00f6viestint\u00e4 kanava | Ilman kuukausimaksua!","og_description":"Tekstiviestit ovat tehokas kanava h\u00e4iri\u00f6viestint\u00e4\u00e4n. Ne tavoittavat ihmiset nopeasti ja mahdollistavat selkeiden ohjeiden ja varoitusten v\u00e4litt\u00e4misen heti.","og_url":"https:\/\/tavoittaja.fi\/en\/hairioviestinta\/","og_site_name":"Tavoittaja","og_image":[{"width":1200,"height":628,"url":"https:\/\/tavoittaja.fi\/wp-content\/uploads\/2025\/09\/tavoittaja-featured-img.png","type":"image\/png"}],"twitter_card":"summary_large_image","twitter_misc":{"Estimated reading time":"2 minutes"},"schema":{"@context":"https:\/\/schema.org","@graph":[{"@type":"WebPage","@id":"https:\/\/tavoittaja.fi\/hairioviestinta\/","url":"https:\/\/tavoittaja.fi\/hairioviestinta\/","name":"Tehokas h\u00e4iri\u00f6viestint\u00e4 kanava | Ilman kuukausimaksua!","isPartOf":{"@id":"https:\/\/tavoittaja.fi\/#website"},"primaryImageOfPage":{"@id":"https:\/\/tavoittaja.fi\/hairioviestinta\/#primaryimage"},"image":{"@id":"https:\/\/tavoittaja.fi\/hairioviestinta\/#primaryimage"},"thumbnailUrl":"https:\/\/tavoittaja.fi\/wp-content\/uploads\/2025\/09\/tavoittaja-featured-img.png","datePublished":"2025-12-04T07:36:43+00:00","description":"Tekstiviestit ovat tehokas kanava h\u00e4iri\u00f6viestint\u00e4\u00e4n. Ne tavoittavat ihmiset nopeasti ja mahdollistavat selkeiden ohjeiden ja varoitusten v\u00e4litt\u00e4misen heti.","breadcrumb":{"@id":"https:\/\/tavoittaja.fi\/hairioviestinta\/#breadcrumb"},"inLanguage":"en-GB","potentialAction":[{"@type":"ReadAction","target":["https:\/\/tavoittaja.fi\/hairioviestinta\/"]}]},{"@type":"ImageObject","inLanguage":"en-GB","@id":"https:\/\/tavoittaja.fi\/hairioviestinta\/#primaryimage","url":"https:\/\/tavoittaja.fi\/wp-content\/uploads\/2025\/09\/tavoittaja-featured-img.png","contentUrl":"https:\/\/tavoittaja.fi\/wp-content\/uploads\/2025\/09\/tavoittaja-featured-img.png","width":1200,"height":628},{"@type":"BreadcrumbList","@id":"https:\/\/tavoittaja.fi\/hairioviestinta\/#breadcrumb","itemListElement":[{"@type":"ListItem","position":1,"name":"Home","item":"https:\/\/tavoittaja.fi\/"},{"@type":"ListItem","position":2,"name":"H\u00e4iri\u00f6viestint\u00e4"}]},{"@type":"WebSite","@id":"https:\/\/tavoittaja.fi\/#website","url":"https:\/\/tavoittaja.fi\/","name":"Tavoittaja","description":"Tekstiviestipalvelu verkossa","publisher":{"@id":"https:\/\/tavoittaja.fi\/#organization"},"potentialAction":[{"@type":"SearchAction","target":{"@type":"EntryPoint","urlTemplate":"https:\/\/tavoittaja.fi\/?s={search_term_string}"},"query-input":{"@type":"PropertyValueSpecification","valueRequired":true,"valueName":"search_term_string"}}],"inLanguage":"en-GB"},{"@type":"Organization","@id":"https:\/\/tavoittaja.fi\/#organization","name":"Tavoittaja","url":"https:\/\/tavoittaja.fi\/","logo":{"@type":"ImageObject","inLanguage":"en-GB","@id":"https:\/\/tavoittaja.fi\/#\/schema\/logo\/image\/","url":"https:\/\/tavoittaja.fi\/wp-content\/uploads\/2025\/09\/tavoittaja-logo-500px-green.png","contentUrl":"https:\/\/tavoittaja.fi\/wp-content\/uploads\/2025\/09\/tavoittaja-logo-500px-green.png","width":500,"height":127,"caption":"Tavoittaja"},"image":{"@id":"https:\/\/tavoittaja.fi\/#\/schema\/logo\/image\/"}}]}},"uagb_featured_image_src":{"full":["https:\/\/tavoittaja.fi\/wp-content\/uploads\/2025\/09\/tavoittaja-featured-img.png",1200,628,false],"thumbnail":["https:\/\/tavoittaja.fi\/wp-content\/uploads\/2025\/09\/tavoittaja-featured-img-150x150.png",150,150,true],"medium":["https:\/\/tavoittaja.fi\/wp-content\/uploads\/2025\/09\/tavoittaja-featured-img-300x157.png",300,157,true],"medium_large":["https:\/\/tavoittaja.fi\/wp-content\/uploads\/2025\/09\/tavoittaja-featured-img-768x402.png",768,402,true],"large":["https:\/\/tavoittaja.fi\/wp-content\/uploads\/2025\/09\/tavoittaja-featured-img-1024x536.png",1024,536,true],"1536x1536":["https:\/\/tavoittaja.fi\/wp-content\/uploads\/2025\/09\/tavoittaja-featured-img.png",1200,628,false],"2048x2048":["https:\/\/tavoittaja.fi\/wp-content\/uploads\/2025\/09\/tavoittaja-featured-img.png",1200,628,false],"trp-custom-language-flag":["https:\/\/tavoittaja.fi\/wp-content\/uploads\/2025\/09\/tavoittaja-featured-img.png",18,9,false]},"uagb_author_info":{"display_name":"prospectum","author_link":"https:\/\/tavoittaja.fi\/en\/author\/prospectum\/"},"uagb_comment_info":0,"uagb_excerpt":"Tekstiviestit h\u00e4iri\u00f6viestinn\u00e4n tehokkaana ty\u00f6kaluna&nbsp; H\u00e4iri\u00f6tilanteet ja kriisitilanteet voivat synty\u00e4 yll\u00e4tt\u00e4en ja vaikuttaa laajasti ihmisten arkeen. T\u00e4llaisissa tilanteissa nopea, selke\u00e4 ja [&hellip;]","_links":{"self":[{"href":"https:\/\/tavoittaja.fi\/en\/wp-json\/wp\/v2\/pages\/1043","targetHints":{"allow":["GET"]}}],"collection":[{"href":"https:\/\/tavoittaja.fi\/en\/wp-json\/wp\/v2\/pages"}],"about":[{"href":"https:\/\/tavoittaja.fi\/en\/wp-json\/wp\/v2\/types\/page"}],"author":[{"embeddable":true,"href":"https:\/\/tavoittaja.fi\/en\/wp-json\/wp\/v2\/users\/1"}],"replies":[{"embeddable":true,"href":"https:\/\/tavoittaja.fi\/en\/wp-json\/wp\/v2\/comments?post=1043"}],"version-history":[{"count":9,"href":"https:\/\/tavoittaja.fi\/en\/wp-json\/wp\/v2\/pages\/1043\/revisions"}],"predecessor-version":[{"id":1093,"href":"https:\/\/tavoittaja.fi\/en\/wp-json\/wp\/v2\/pages\/1043\/revisions\/1093"}],"wp:featuredmedia":[{"embeddable":true,"href":"https:\/\/tavoittaja.fi\/en\/wp-json\/wp\/v2\/media\/405"}],"wp:attachment":[{"href":"https:\/\/tavoittaja.fi\/en\/wp-json\/wp\/v2\/media?parent=1043"}],"curies":[{"name":"wp","href":"https:\/\/api.w.org\/{rel}","templated":true}]}}