{"id":1046,"date":"2025-12-04T10:59:48","date_gmt":"2025-12-04T07:59:48","guid":{"rendered":"https:\/\/tavoittaja.fi\/?page_id=1046"},"modified":"2025-12-04T10:59:48","modified_gmt":"2025-12-04T07:59:48","slug":"mainoskampanjat","status":"publish","type":"page","link":"https:\/\/tavoittaja.fi\/en\/mainoskampanjat\/","title":{"rendered":"Marketing Campaigns"},"content":{"rendered":"<div class=\"wp-block-group alignwide is-layout-constrained wp-container-core-group-is-layout-d5d3546b wp-block-group-is-layout-constrained\" style=\"padding-top:var(--wp--preset--spacing--80);padding-bottom:var(--wp--preset--spacing--80)\">\n<h1 class=\"wp-block-heading alignwide has-text-align-center\" style=\"margin-top:0;margin-bottom:0;font-size:64px;font-style:normal;font-weight:800;letter-spacing:-0.6px;line-height:1.1\"><strong>Text messages as an effective tool in marketing campaigns<\/strong>&nbsp;<\/h1>\n\n\n\n<p class=\"has-text-align-center has-ast-global-color-3-color has-text-color has-link-color wp-elements-00cad471a0b5302a877462122e8c93da\" style=\"font-size:20px\">Today\u2019s consumers receive a vast amount of information daily through various channels, so businesses need to find ways to stand out and reach customers quickly. One of the most effective methods is text messaging (SMS), which provides a direct and personal way to reach your target audience.&nbsp;<\/p>\n\n\n\n<div class=\"wp-block-buttons is-content-justification-center is-layout-flex wp-container-core-buttons-is-layout-a89b3969 wp-block-buttons-is-layout-flex\">\n<div class=\"wp-block-button\"><a class=\"wp-block-button__link wp-element-button\" href=\"https:\/\/app.tavoittaja.fi\/register\" target=\"_blank\" rel=\"noreferrer noopener\">Try for free<\/a><\/div>\n\n\n\n<div class=\"wp-block-button is-style-outline is-style-outline--1\"><a class=\"wp-block-button__link wp-element-button\" href=\"https:\/\/app.tavoittaja.fi\/\" target=\"_blank\" rel=\"noreferrer noopener\">Log in<\/a><\/div>\n<\/div>\n<\/div>\n\n\n\n<div class=\"wp-block-group has-background is-layout-constrained wp-container-core-group-is-layout-6bf6c13b wp-block-group-is-layout-constrained\" style=\"border-top-left-radius:10px;border-top-right-radius:10px;border-bottom-left-radius:10px;border-bottom-right-radius:10px;background-color:#fbf9ff;margin-top:var(--wp--preset--spacing--60);margin-bottom:var(--wp--preset--spacing--60)\">\n<div class=\"wp-block-uagb-advanced-heading uagb-block-746c5657\"><h2 class=\"uagb-heading-text\"><strong>Speed and reach<\/strong><\/h2><\/div>\n\n\n\n<p>Text messages are delivered directly to the recipient\u2019s phone and are often read immediately. Unlike email, which may go unread or end up in a spam folder, SMS ensures your message reaches customers quickly. This makes Tavoittaja especially useful for marketing campaigns where timing is critical, such as flash sales, campaign days, or event reminders.<\/p>\n<\/div>\n\n\n\n<div class=\"wp-block-group has-background is-layout-constrained wp-container-core-group-is-layout-6bf6c13b wp-block-group-is-layout-constrained\" style=\"border-top-left-radius:10px;border-top-right-radius:10px;border-bottom-left-radius:10px;border-bottom-right-radius:10px;background-color:#fbf9ff;margin-top:var(--wp--preset--spacing--60);margin-bottom:var(--wp--preset--spacing--60)\">\n<div class=\"wp-block-uagb-advanced-heading uagb-block-9f4f896c\"><h2 class=\"uagb-heading-text\"><strong><strong>Personalization and targeting<\/strong><\/strong><\/h2><\/div>\n\n\n\n<p>Text messages can be precisely targeted based on factors such as your customers\u2019 location, purchase history, or interests. This enables personalized offers and messages that speak directly to the recipient. Personalized communication increases the effectiveness of marketing campaigns and customer loyalty. With Tavoittaja, this is easily managed using custom data fields, which can be freely created for contacts and linked to messages, pulling information from each contact\u2019s details.<\/p>\n<\/div>\n\n\n\n<div class=\"wp-block-group has-background is-layout-constrained wp-container-core-group-is-layout-6bf6c13b wp-block-group-is-layout-constrained\" style=\"border-top-left-radius:10px;border-top-right-radius:10px;border-bottom-left-radius:10px;border-bottom-right-radius:10px;background-color:#fbf9ff;margin-top:var(--wp--preset--spacing--60);margin-bottom:var(--wp--preset--spacing--60)\">\n<div class=\"wp-block-uagb-advanced-heading uagb-block-ebc4bf91\"><h2 class=\"uagb-heading-text\"><strong><strong><strong>Clarity and conciseness<\/strong><\/strong><\/strong><\/h2><\/div>\n\n\n\n<p>SMS messages enforce brevity, making them easy to understand and effective as a marketing tool. A clear message with an offer or call to action prompts recipients to respond quickly. Overly long or complex messages are easily overlooked, so concise and engaging content is key to success.<\/p>\n<\/div>\n\n\n\n<div class=\"wp-block-group has-background is-layout-constrained wp-container-core-group-is-layout-6bf6c13b wp-block-group-is-layout-constrained\" style=\"border-top-left-radius:10px;border-top-right-radius:10px;border-bottom-left-radius:10px;border-bottom-right-radius:10px;background-color:#fbf9ff;margin-top:var(--wp--preset--spacing--60);margin-bottom:var(--wp--preset--spacing--60)\">\n<div class=\"wp-block-uagb-advanced-heading uagb-block-8c31014a\"><h2 class=\"uagb-heading-text\"><strong><strong><strong><strong>Automation and scheduling<\/strong><\/strong><\/strong><\/strong><\/h2><\/div>\n\n\n\n<p>You can automate the sending of your text messages using Tavoittaja\u2019s API, allowing your campaigns to be scheduled at specific times or based on customer behavior. This enables, for example, birthday messages, cart reminders, or seasonal offers without manual effort.<\/p>\n<\/div>\n\n\n\n<div class=\"wp-block-group has-background is-layout-constrained wp-container-core-group-is-layout-6bf6c13b wp-block-group-is-layout-constrained\" style=\"border-top-left-radius:10px;border-top-right-radius:10px;border-bottom-left-radius:10px;border-bottom-right-radius:10px;background-color:#fbf9ff;margin-top:var(--wp--preset--spacing--60);margin-bottom:var(--wp--preset--spacing--60)\">\n<div class=\"wp-block-uagb-advanced-heading uagb-block-00374824\"><h2 class=\"uagb-heading-text\"><strong><strong><strong><strong><strong>Multichannel support and tracking<\/strong><\/strong><\/strong><\/strong><\/strong><\/h2><\/div>\n\n\n\n<p>While text messages work well as a standalone channel, their effectiveness can be enhanced by combining them with other marketing channels, such as email, social media ads, or mobile apps. Tavoittaja also provides reporting tools, allowing you to track campaign results and optimize messages for future use.<\/p>\n<\/div>\n\n\n\n<div class=\"wp-block-group has-background is-layout-constrained wp-container-core-group-is-layout-6bf6c13b wp-block-group-is-layout-constrained\" style=\"border-top-left-radius:10px;border-top-right-radius:10px;border-bottom-left-radius:10px;border-bottom-right-radius:10px;background-color:#fbf9ff;margin-top:var(--wp--preset--spacing--60);margin-bottom:var(--wp--preset--spacing--60)\">\n<div class=\"wp-block-uagb-advanced-heading uagb-block-d812b9b1\"><h2 class=\"uagb-heading-text\"><strong><strong><strong><strong><strong><strong>Reliability and visibility<\/strong><\/strong><\/strong><\/strong><\/strong><\/strong><\/h2><\/div>\n\n\n\n<p>Text messages are almost always read and reach your recipient regardless of whether they have internet access or apps in use. This makes SMS campaigns a particularly reliable tool when you want to ensure that an offer or information receives maximum attention.<\/p>\n<\/div>\n\n\n\n<div class=\"wp-block-group alignfull has-ast-global-color-0-background-color has-background is-layout-constrained wp-container-core-group-is-layout-fb1ff79e wp-block-group-is-layout-constrained\" style=\"margin-top:var(--wp--preset--spacing--80);margin-bottom:0;padding-top:var(--wp--preset--spacing--80);padding-bottom:var(--wp--preset--spacing--80);background-image:url(&apos;https:\/\/tavoittaja.fi\/wp-content\/uploads\/2025\/09\/bg-green.png&apos;);background-position:50% 53%;background-size:cover;\">\n<h2 class=\"wp-block-heading has-text-align-center\">Want to learn more?<\/h2>\n\n\n\n<p class=\"has-text-align-center\">We\u2019re happy to tell you more! Our customer service is ready to answer any questions you may have.<\/p>\n\n\n\n<div class=\"wp-block-buttons is-content-justification-center is-layout-flex wp-container-core-buttons-is-layout-a89b3969 wp-block-buttons-is-layout-flex\">\n<div class=\"wp-block-button is-style-fill\"><a class=\"wp-block-button__link has-ast-global-color-2-color has-white-background-color has-text-color has-background has-link-color wp-element-button\" href=\"https:\/\/tavoittaja.fi\/en\/asiakaspalvelu\/\">Contact us<\/a><\/div>\n<\/div>\n<\/div>\n\n\n\n<p><\/p>","protected":false},"excerpt":{"rendered":"<p>Tekstiviestit tehokkaana ty\u00f6kaluna mainoskampanjoissa&nbsp; Nykyajan kuluttajat saavat p\u00e4ivitt\u00e4in valtavan m\u00e4\u00e4r\u00e4n tietoa eri kanavien kautta, joten yritysten on t\u00e4rke\u00e4\u00e4 l\u00f6yt\u00e4\u00e4 viestint\u00e4tapoja, [&hellip;]<\/p>\n","protected":false},"author":1,"featured_media":405,"parent":0,"menu_order":0,"comment_status":"closed","ping_status":"closed","template":"","meta":{"_uag_custom_page_level_css":"","site-sidebar-layout":"default","site-content-layout":"","ast-site-content-layout":"default","site-content-style":"default","site-sidebar-style":"default","ast-global-header-display":"","ast-banner-title-visibility":"","ast-main-header-display":"","ast-hfb-above-header-display":"","ast-hfb-below-header-display":"","ast-hfb-mobile-header-display":"","site-post-title":"disabled","ast-breadcrumbs-content":"","ast-featured-img":"disabled","footer-sml-layout":"","ast-disable-related-posts":"","theme-transparent-header-meta":"","adv-header-id-meta":"","stick-header-meta":"","header-above-stick-meta":"","header-main-stick-meta":"","header-below-stick-meta":"","astra-migrate-meta-layouts":"default","ast-page-background-enabled":"default","ast-page-background-meta":{"desktop":{"background-color":"var(--ast-global-color-5)","background-image":"","background-repeat":"repeat","background-position":"center center","background-size":"auto","background-attachment":"scroll","background-type":"","background-media":"","overlay-type":"","overlay-color":"","overlay-opacity":"","overlay-gradient":""},"tablet":{"background-color":"","background-image":"","background-repeat":"repeat","background-position":"center center","background-size":"auto","background-attachment":"scroll","background-type":"","background-media":"","overlay-type":"","overlay-color":"","overlay-opacity":"","overlay-gradient":""},"mobile":{"background-color":"","background-image":"","background-repeat":"repeat","background-position":"center center","background-size":"auto","background-attachment":"scroll","background-type":"","background-media":"","overlay-type":"","overlay-color":"","overlay-opacity":"","overlay-gradient":""}},"ast-content-background-meta":{"desktop":{"background-color":"var(--ast-global-color-4)","background-image":"","background-repeat":"repeat","background-position":"center center","background-size":"auto","background-attachment":"scroll","background-type":"","background-media":"","overlay-type":"","overlay-color":"","overlay-opacity":"","overlay-gradient":""},"tablet":{"background-color":"var(--ast-global-color-4)","background-image":"","background-repeat":"repeat","background-position":"center center","background-size":"auto","background-attachment":"scroll","background-type":"","background-media":"","overlay-type":"","overlay-color":"","overlay-opacity":"","overlay-gradient":""},"mobile":{"background-color":"var(--ast-global-color-4)","background-image":"","background-repeat":"repeat","background-position":"center center","background-size":"auto","background-attachment":"scroll","background-type":"","background-media":"","overlay-type":"","overlay-color":"","overlay-opacity":"","overlay-gradient":""}},"footnotes":""},"class_list":["post-1046","page","type-page","status-publish","has-post-thumbnail","hentry"],"yoast_head":"<!-- This site is optimized with the Yoast SEO plugin v27.3 - https:\/\/yoast.com\/product\/yoast-seo-wordpress\/ -->\n<title>Mainoskampanjat | Kokeile ilmaiseksi!<\/title>\n<meta name=\"description\" content=\"Tekstiviestipohjaiset mainoskampanjat tavoittavat asiakkaat nopeasti ja henkil\u00f6kohtaisesti, lis\u00e4ten n\u00e4kyvyytt\u00e4, sitoutumista ja konversioita.\" \/>\n<meta name=\"robots\" content=\"index, follow, max-snippet:-1, max-image-preview:large, max-video-preview:-1\" \/>\n<link rel=\"canonical\" href=\"https:\/\/tavoittaja.fi\/en\/mainoskampanjat\/\" \/>\n<meta property=\"og:locale\" content=\"en_GB\" \/>\n<meta property=\"og:type\" content=\"article\" \/>\n<meta property=\"og:title\" content=\"Mainoskampanjat | Kokeile ilmaiseksi!\" \/>\n<meta property=\"og:description\" content=\"Tekstiviestipohjaiset mainoskampanjat tavoittavat asiakkaat nopeasti ja henkil\u00f6kohtaisesti, lis\u00e4ten n\u00e4kyvyytt\u00e4, sitoutumista ja konversioita.\" \/>\n<meta property=\"og:url\" content=\"https:\/\/tavoittaja.fi\/en\/mainoskampanjat\/\" \/>\n<meta property=\"og:site_name\" content=\"Tavoittaja\" \/>\n<meta property=\"og:image\" content=\"https:\/\/tavoittaja.fi\/wp-content\/uploads\/2025\/09\/tavoittaja-featured-img.png\" \/>\n\t<meta property=\"og:image:width\" content=\"1200\" \/>\n\t<meta property=\"og:image:height\" content=\"628\" \/>\n\t<meta property=\"og:image:type\" content=\"image\/png\" \/>\n<meta name=\"twitter:card\" content=\"summary_large_image\" \/>\n<meta name=\"twitter:label1\" content=\"Estimated reading time\" \/>\n\t<meta name=\"twitter:data1\" content=\"2 minutes\" \/>\n<script type=\"application\/ld+json\" class=\"yoast-schema-graph\">{\"@context\":\"https:\\\/\\\/schema.org\",\"@graph\":[{\"@type\":\"WebPage\",\"@id\":\"https:\\\/\\\/tavoittaja.fi\\\/mainoskampanjat\\\/\",\"url\":\"https:\\\/\\\/tavoittaja.fi\\\/mainoskampanjat\\\/\",\"name\":\"Mainoskampanjat | Kokeile ilmaiseksi!\",\"isPartOf\":{\"@id\":\"https:\\\/\\\/tavoittaja.fi\\\/#website\"},\"primaryImageOfPage\":{\"@id\":\"https:\\\/\\\/tavoittaja.fi\\\/mainoskampanjat\\\/#primaryimage\"},\"image\":{\"@id\":\"https:\\\/\\\/tavoittaja.fi\\\/mainoskampanjat\\\/#primaryimage\"},\"thumbnailUrl\":\"https:\\\/\\\/tavoittaja.fi\\\/wp-content\\\/uploads\\\/2025\\\/09\\\/tavoittaja-featured-img.png\",\"datePublished\":\"2025-12-04T07:59:48+00:00\",\"description\":\"Tekstiviestipohjaiset mainoskampanjat tavoittavat asiakkaat nopeasti ja henkil\u00f6kohtaisesti, lis\u00e4ten n\u00e4kyvyytt\u00e4, sitoutumista ja konversioita.\",\"breadcrumb\":{\"@id\":\"https:\\\/\\\/tavoittaja.fi\\\/mainoskampanjat\\\/#breadcrumb\"},\"inLanguage\":\"en-GB\",\"potentialAction\":[{\"@type\":\"ReadAction\",\"target\":[\"https:\\\/\\\/tavoittaja.fi\\\/mainoskampanjat\\\/\"]}]},{\"@type\":\"ImageObject\",\"inLanguage\":\"en-GB\",\"@id\":\"https:\\\/\\\/tavoittaja.fi\\\/mainoskampanjat\\\/#primaryimage\",\"url\":\"https:\\\/\\\/tavoittaja.fi\\\/wp-content\\\/uploads\\\/2025\\\/09\\\/tavoittaja-featured-img.png\",\"contentUrl\":\"https:\\\/\\\/tavoittaja.fi\\\/wp-content\\\/uploads\\\/2025\\\/09\\\/tavoittaja-featured-img.png\",\"width\":1200,\"height\":628},{\"@type\":\"BreadcrumbList\",\"@id\":\"https:\\\/\\\/tavoittaja.fi\\\/mainoskampanjat\\\/#breadcrumb\",\"itemListElement\":[{\"@type\":\"ListItem\",\"position\":1,\"name\":\"Home\",\"item\":\"https:\\\/\\\/tavoittaja.fi\\\/\"},{\"@type\":\"ListItem\",\"position\":2,\"name\":\"Mainoskampanjat\"}]},{\"@type\":\"WebSite\",\"@id\":\"https:\\\/\\\/tavoittaja.fi\\\/#website\",\"url\":\"https:\\\/\\\/tavoittaja.fi\\\/\",\"name\":\"Tavoittaja\",\"description\":\"Tekstiviestipalvelu verkossa\",\"publisher\":{\"@id\":\"https:\\\/\\\/tavoittaja.fi\\\/#organization\"},\"potentialAction\":[{\"@type\":\"SearchAction\",\"target\":{\"@type\":\"EntryPoint\",\"urlTemplate\":\"https:\\\/\\\/tavoittaja.fi\\\/?s={search_term_string}\"},\"query-input\":{\"@type\":\"PropertyValueSpecification\",\"valueRequired\":true,\"valueName\":\"search_term_string\"}}],\"inLanguage\":\"en-GB\"},{\"@type\":\"Organization\",\"@id\":\"https:\\\/\\\/tavoittaja.fi\\\/#organization\",\"name\":\"Tavoittaja\",\"url\":\"https:\\\/\\\/tavoittaja.fi\\\/\",\"logo\":{\"@type\":\"ImageObject\",\"inLanguage\":\"en-GB\",\"@id\":\"https:\\\/\\\/tavoittaja.fi\\\/#\\\/schema\\\/logo\\\/image\\\/\",\"url\":\"https:\\\/\\\/tavoittaja.fi\\\/wp-content\\\/uploads\\\/2025\\\/09\\\/tavoittaja-logo-500px-green.png\",\"contentUrl\":\"https:\\\/\\\/tavoittaja.fi\\\/wp-content\\\/uploads\\\/2025\\\/09\\\/tavoittaja-logo-500px-green.png\",\"width\":500,\"height\":127,\"caption\":\"Tavoittaja\"},\"image\":{\"@id\":\"https:\\\/\\\/tavoittaja.fi\\\/#\\\/schema\\\/logo\\\/image\\\/\"}}]}<\/script>\n<!-- \/ Yoast SEO plugin. -->","yoast_head_json":{"title":"Mainoskampanjat | Kokeile ilmaiseksi!","description":"Tekstiviestipohjaiset mainoskampanjat tavoittavat asiakkaat nopeasti ja henkil\u00f6kohtaisesti, lis\u00e4ten n\u00e4kyvyytt\u00e4, sitoutumista ja konversioita.","robots":{"index":"index","follow":"follow","max-snippet":"max-snippet:-1","max-image-preview":"max-image-preview:large","max-video-preview":"max-video-preview:-1"},"canonical":"https:\/\/tavoittaja.fi\/en\/mainoskampanjat\/","og_locale":"en_GB","og_type":"article","og_title":"Mainoskampanjat | Kokeile ilmaiseksi!","og_description":"Tekstiviestipohjaiset mainoskampanjat tavoittavat asiakkaat nopeasti ja henkil\u00f6kohtaisesti, lis\u00e4ten n\u00e4kyvyytt\u00e4, sitoutumista ja konversioita.","og_url":"https:\/\/tavoittaja.fi\/en\/mainoskampanjat\/","og_site_name":"Tavoittaja","og_image":[{"width":1200,"height":628,"url":"https:\/\/tavoittaja.fi\/wp-content\/uploads\/2025\/09\/tavoittaja-featured-img.png","type":"image\/png"}],"twitter_card":"summary_large_image","twitter_misc":{"Estimated reading time":"2 minutes"},"schema":{"@context":"https:\/\/schema.org","@graph":[{"@type":"WebPage","@id":"https:\/\/tavoittaja.fi\/mainoskampanjat\/","url":"https:\/\/tavoittaja.fi\/mainoskampanjat\/","name":"Mainoskampanjat | Kokeile ilmaiseksi!","isPartOf":{"@id":"https:\/\/tavoittaja.fi\/#website"},"primaryImageOfPage":{"@id":"https:\/\/tavoittaja.fi\/mainoskampanjat\/#primaryimage"},"image":{"@id":"https:\/\/tavoittaja.fi\/mainoskampanjat\/#primaryimage"},"thumbnailUrl":"https:\/\/tavoittaja.fi\/wp-content\/uploads\/2025\/09\/tavoittaja-featured-img.png","datePublished":"2025-12-04T07:59:48+00:00","description":"Tekstiviestipohjaiset mainoskampanjat tavoittavat asiakkaat nopeasti ja henkil\u00f6kohtaisesti, lis\u00e4ten n\u00e4kyvyytt\u00e4, sitoutumista ja konversioita.","breadcrumb":{"@id":"https:\/\/tavoittaja.fi\/mainoskampanjat\/#breadcrumb"},"inLanguage":"en-GB","potentialAction":[{"@type":"ReadAction","target":["https:\/\/tavoittaja.fi\/mainoskampanjat\/"]}]},{"@type":"ImageObject","inLanguage":"en-GB","@id":"https:\/\/tavoittaja.fi\/mainoskampanjat\/#primaryimage","url":"https:\/\/tavoittaja.fi\/wp-content\/uploads\/2025\/09\/tavoittaja-featured-img.png","contentUrl":"https:\/\/tavoittaja.fi\/wp-content\/uploads\/2025\/09\/tavoittaja-featured-img.png","width":1200,"height":628},{"@type":"BreadcrumbList","@id":"https:\/\/tavoittaja.fi\/mainoskampanjat\/#breadcrumb","itemListElement":[{"@type":"ListItem","position":1,"name":"Home","item":"https:\/\/tavoittaja.fi\/"},{"@type":"ListItem","position":2,"name":"Mainoskampanjat"}]},{"@type":"WebSite","@id":"https:\/\/tavoittaja.fi\/#website","url":"https:\/\/tavoittaja.fi\/","name":"Tavoittaja","description":"Tekstiviestipalvelu verkossa","publisher":{"@id":"https:\/\/tavoittaja.fi\/#organization"},"potentialAction":[{"@type":"SearchAction","target":{"@type":"EntryPoint","urlTemplate":"https:\/\/tavoittaja.fi\/?s={search_term_string}"},"query-input":{"@type":"PropertyValueSpecification","valueRequired":true,"valueName":"search_term_string"}}],"inLanguage":"en-GB"},{"@type":"Organization","@id":"https:\/\/tavoittaja.fi\/#organization","name":"Tavoittaja","url":"https:\/\/tavoittaja.fi\/","logo":{"@type":"ImageObject","inLanguage":"en-GB","@id":"https:\/\/tavoittaja.fi\/#\/schema\/logo\/image\/","url":"https:\/\/tavoittaja.fi\/wp-content\/uploads\/2025\/09\/tavoittaja-logo-500px-green.png","contentUrl":"https:\/\/tavoittaja.fi\/wp-content\/uploads\/2025\/09\/tavoittaja-logo-500px-green.png","width":500,"height":127,"caption":"Tavoittaja"},"image":{"@id":"https:\/\/tavoittaja.fi\/#\/schema\/logo\/image\/"}}]}},"uagb_featured_image_src":{"full":["https:\/\/tavoittaja.fi\/wp-content\/uploads\/2025\/09\/tavoittaja-featured-img.png",1200,628,false],"thumbnail":["https:\/\/tavoittaja.fi\/wp-content\/uploads\/2025\/09\/tavoittaja-featured-img-150x150.png",150,150,true],"medium":["https:\/\/tavoittaja.fi\/wp-content\/uploads\/2025\/09\/tavoittaja-featured-img-300x157.png",300,157,true],"medium_large":["https:\/\/tavoittaja.fi\/wp-content\/uploads\/2025\/09\/tavoittaja-featured-img-768x402.png",768,402,true],"large":["https:\/\/tavoittaja.fi\/wp-content\/uploads\/2025\/09\/tavoittaja-featured-img-1024x536.png",1024,536,true],"1536x1536":["https:\/\/tavoittaja.fi\/wp-content\/uploads\/2025\/09\/tavoittaja-featured-img.png",1200,628,false],"2048x2048":["https:\/\/tavoittaja.fi\/wp-content\/uploads\/2025\/09\/tavoittaja-featured-img.png",1200,628,false],"trp-custom-language-flag":["https:\/\/tavoittaja.fi\/wp-content\/uploads\/2025\/09\/tavoittaja-featured-img.png",18,9,false]},"uagb_author_info":{"display_name":"prospectum","author_link":"https:\/\/tavoittaja.fi\/en\/author\/prospectum\/"},"uagb_comment_info":0,"uagb_excerpt":"Tekstiviestit tehokkaana ty\u00f6kaluna mainoskampanjoissa&nbsp; Nykyajan kuluttajat saavat p\u00e4ivitt\u00e4in valtavan m\u00e4\u00e4r\u00e4n tietoa eri kanavien kautta, joten yritysten on t\u00e4rke\u00e4\u00e4 l\u00f6yt\u00e4\u00e4 viestint\u00e4tapoja, [&hellip;]","_links":{"self":[{"href":"https:\/\/tavoittaja.fi\/en\/wp-json\/wp\/v2\/pages\/1046","targetHints":{"allow":["GET"]}}],"collection":[{"href":"https:\/\/tavoittaja.fi\/en\/wp-json\/wp\/v2\/pages"}],"about":[{"href":"https:\/\/tavoittaja.fi\/en\/wp-json\/wp\/v2\/types\/page"}],"author":[{"embeddable":true,"href":"https:\/\/tavoittaja.fi\/en\/wp-json\/wp\/v2\/users\/1"}],"replies":[{"embeddable":true,"href":"https:\/\/tavoittaja.fi\/en\/wp-json\/wp\/v2\/comments?post=1046"}],"version-history":[{"count":10,"href":"https:\/\/tavoittaja.fi\/en\/wp-json\/wp\/v2\/pages\/1046\/revisions"}],"predecessor-version":[{"id":1077,"href":"https:\/\/tavoittaja.fi\/en\/wp-json\/wp\/v2\/pages\/1046\/revisions\/1077"}],"wp:featuredmedia":[{"embeddable":true,"href":"https:\/\/tavoittaja.fi\/en\/wp-json\/wp\/v2\/media\/405"}],"wp:attachment":[{"href":"https:\/\/tavoittaja.fi\/en\/wp-json\/wp\/v2\/media?parent=1046"}],"curies":[{"name":"wp","href":"https:\/\/api.w.org\/{rel}","templated":true}]}}