{"id":1075,"date":"2025-12-04T10:47:23","date_gmt":"2025-12-04T07:47:23","guid":{"rendered":"https:\/\/tavoittaja.fi\/?page_id=1075"},"modified":"2025-12-04T10:47:23","modified_gmt":"2025-12-04T07:47:23","slug":"jasentiedottaminen","status":"publish","type":"page","link":"https:\/\/tavoittaja.fi\/en\/jasentiedottaminen\/","title":{"rendered":"Member communication"},"content":{"rendered":"<div class=\"wp-block-group alignwide is-layout-constrained wp-container-core-group-is-layout-d5d3546b wp-block-group-is-layout-constrained\" style=\"padding-top:var(--wp--preset--spacing--80);padding-bottom:var(--wp--preset--spacing--80)\">\n<h1 class=\"wp-block-heading alignwide has-text-align-center\" style=\"margin-top:0;margin-bottom:0;font-size:64px;font-style:normal;font-weight:800;letter-spacing:-0.6px;line-height:1.1\"><strong>Member communication \u2013 keep your members informed<\/strong>\u00a0<\/h1>\n\n\n\n<p class=\"has-text-align-center has-ast-global-color-3-color has-text-color has-link-color wp-elements-ba41d3a094902377e66b844a3bdcfc71\" style=\"font-size:20px\">For member organizations, associations, and other groups, member communication is a key part of operations. Well-planned and regular communication ensures your members stay informed about important matters, events, and decisions, while also increasing engagement and participation.\u00a0<\/p>\n\n\n\n<div class=\"wp-block-buttons is-content-justification-center is-layout-flex wp-container-core-buttons-is-layout-a89b3969 wp-block-buttons-is-layout-flex\">\n<div class=\"wp-block-button\"><a class=\"wp-block-button__link wp-element-button\" href=\"https:\/\/app.tavoittaja.fi\/register\" target=\"_blank\" rel=\"noreferrer noopener\">Try for free<\/a><\/div>\n\n\n\n<div class=\"wp-block-button is-style-outline is-style-outline--1\"><a class=\"wp-block-button__link wp-element-button\" href=\"https:\/\/app.tavoittaja.fi\/\" target=\"_blank\" rel=\"noreferrer noopener\">Log in<\/a><\/div>\n<\/div>\n<\/div>\n\n\n\n<div class=\"wp-block-group has-background is-layout-constrained wp-container-core-group-is-layout-6bf6c13b wp-block-group-is-layout-constrained\" style=\"border-top-left-radius:10px;border-top-right-radius:10px;border-bottom-left-radius:10px;border-bottom-right-radius:10px;background-color:#fbf9ff;margin-top:var(--wp--preset--spacing--60);margin-bottom:var(--wp--preset--spacing--60)\">\n<div class=\"wp-block-uagb-advanced-heading uagb-block-746c5657\"><h2 class=\"uagb-heading-text\"><strong><strong><strong>Timely information delivery<\/strong><\/strong><\/strong><\/h2><\/div>\n\n\n\n<p>Member communication ensures that your members receive information about your organization quickly and reliably. This can include meeting invitations, rule changes, events, or current decisions. Timely updates prevent misunderstandings and increase transparency in your organization\u2019s operations.<\/p>\n<\/div>\n\n\n\n<div class=\"wp-block-group has-background is-layout-constrained wp-container-core-group-is-layout-6bf6c13b wp-block-group-is-layout-constrained\" style=\"border-top-left-radius:10px;border-top-right-radius:10px;border-bottom-left-radius:10px;border-bottom-right-radius:10px;background-color:#fbf9ff;margin-top:var(--wp--preset--spacing--60);margin-bottom:var(--wp--preset--spacing--60)\">\n<div class=\"wp-block-uagb-advanced-heading uagb-block-ba1e3907\"><h2 class=\"uagb-heading-text\"><strong><strong><strong><strong>Multichannel approach<\/strong><\/strong><\/strong><\/strong><\/h2><\/div>\n\n\n\n<p>Member communication can be carried out through multiple channels, such as email, text messages, newsletters, social media, and member portals. A multichannel approach ensures that information reaches your members according to their preferences and increases the likelihood that it will be noticed.<\/p>\n<\/div>\n\n\n\n<div class=\"wp-block-group has-background is-layout-constrained wp-container-core-group-is-layout-6bf6c13b wp-block-group-is-layout-constrained\" style=\"border-top-left-radius:10px;border-top-right-radius:10px;border-bottom-left-radius:10px;border-bottom-right-radius:10px;background-color:#fbf9ff;margin-top:var(--wp--preset--spacing--60);margin-bottom:var(--wp--preset--spacing--60)\">\n<div class=\"wp-block-uagb-advanced-heading uagb-block-d721ea51\"><h2 class=\"uagb-heading-text\"><strong><strong><strong><strong><strong>Personalization and targeting<\/strong><\/strong><\/strong><\/strong><\/strong><\/h2><\/div>\n\n\n\n<p>Effective member communication uses targeted messaging. For example, different content can be sent to various member groups based on their interests or roles. This makes your communication more meaningful and enhances the member experience.<\/p>\n<\/div>\n\n\n\n<div class=\"wp-block-group has-background is-layout-constrained wp-container-core-group-is-layout-6bf6c13b wp-block-group-is-layout-constrained\" style=\"border-top-left-radius:10px;border-top-right-radius:10px;border-bottom-left-radius:10px;border-bottom-right-radius:10px;background-color:#fbf9ff;margin-top:var(--wp--preset--spacing--60);margin-bottom:var(--wp--preset--spacing--60)\">\n<div class=\"wp-block-uagb-advanced-heading uagb-block-a8a5fd08\"><h2 class=\"uagb-heading-text\"><strong><strong><strong><strong><strong><strong>Increasing engagement and participation<\/strong><\/strong><\/strong><\/strong><\/strong><\/strong><\/h2><\/div>\n\n\n\n<p>Regular and clear member communication increases your members\u2019 engagement and willingness to participate in your organization\u2019s activities. When members feel well-informed, they are more likely to take part in events, votes, and other organizational activities.<\/p>\n<\/div>\n\n\n\n<div class=\"wp-block-group has-background is-layout-constrained wp-container-core-group-is-layout-6bf6c13b wp-block-group-is-layout-constrained\" style=\"border-top-left-radius:10px;border-top-right-radius:10px;border-bottom-left-radius:10px;border-bottom-right-radius:10px;background-color:#fbf9ff;margin-top:var(--wp--preset--spacing--60);margin-bottom:var(--wp--preset--spacing--60)\">\n<div class=\"wp-block-uagb-advanced-heading uagb-block-b0228cd3\"><h2 class=\"uagb-heading-text\"><strong><strong><strong><strong><strong><strong><strong>Efficiency and tracking<\/strong><\/strong><\/strong><\/strong><\/strong><\/strong><\/strong><\/h2><\/div>\n\n\n\n<p>Tavoittaja provides the ability to track how your messages reach members and how they respond. This enables you to improve communication and optimize messages to maximize member engagement and information delivery.<\/p>\n<\/div>\n\n\n\n<div class=\"wp-block-group has-background is-layout-constrained wp-container-core-group-is-layout-6bf6c13b wp-block-group-is-layout-constrained\" style=\"border-top-left-radius:10px;border-top-right-radius:10px;border-bottom-left-radius:10px;border-bottom-right-radius:10px;background-color:#fbf9ff;margin-top:var(--wp--preset--spacing--60);margin-bottom:var(--wp--preset--spacing--60)\">\n<div class=\"wp-block-uagb-advanced-heading uagb-block-cb245561\"><h2 class=\"uagb-heading-text\"><strong><strong><strong><strong><strong><strong><strong><strong>No monthly fee<\/strong><\/strong><\/strong><\/strong><\/strong><\/strong><\/strong><\/strong><\/h2><\/div>\n\n\n\n<p>Tavoittaja is a completely no-monthly-fee service (\u20ac0\/month). You only pay for the messages you send. This helps reduce the costs of member communication, especially if message sending is sporadic, as a monthly subscription can become significantly more expensive over a year.\u00a0<\/p>\n<\/div>\n\n\n\n<div class=\"wp-block-group alignfull has-ast-global-color-0-background-color has-background is-layout-constrained wp-container-core-group-is-layout-fb1ff79e wp-block-group-is-layout-constrained\" style=\"margin-top:var(--wp--preset--spacing--80);margin-bottom:0;padding-top:var(--wp--preset--spacing--80);padding-bottom:var(--wp--preset--spacing--80);background-image:url(&apos;https:\/\/tavoittaja.fi\/wp-content\/uploads\/2025\/09\/bg-green.png&apos;);background-position:50% 53%;background-size:cover;\">\n<h2 class=\"wp-block-heading has-text-align-center\">Want to learn more?<\/h2>\n\n\n\n<p class=\"has-text-align-center\">We\u2019re happy to tell you more! Our customer service is ready to answer any questions you may have.<\/p>\n\n\n\n<div class=\"wp-block-buttons is-content-justification-center is-layout-flex wp-container-core-buttons-is-layout-a89b3969 wp-block-buttons-is-layout-flex\">\n<div class=\"wp-block-button is-style-fill\"><a class=\"wp-block-button__link has-ast-global-color-2-color has-white-background-color has-text-color has-background has-link-color wp-element-button\" href=\"https:\/\/tavoittaja.fi\/en\/asiakaspalvelu\/\">Contact us<\/a><\/div>\n<\/div>\n<\/div>","protected":false},"excerpt":{"rendered":"<p>J\u00e4sentiedottaminen \u2013 pid\u00e4 j\u00e4senesi ajan tasalla\u00a0 J\u00e4senj\u00e4rjest\u00f6ille, yhdistyksille ja muille organisaatioille j\u00e4senviestint\u00e4 on keskeinen osa toimintaa. Hyvin suunniteltu ja s\u00e4\u00e4nn\u00f6llinen [&hellip;]<\/p>\n","protected":false},"author":1,"featured_media":405,"parent":0,"menu_order":0,"comment_status":"closed","ping_status":"closed","template":"","meta":{"_uag_custom_page_level_css":"","site-sidebar-layout":"default","site-content-layout":"","ast-site-content-layout":"default","site-content-style":"default","site-sidebar-style":"default","ast-global-header-display":"","ast-banner-title-visibility":"","ast-main-header-display":"","ast-hfb-above-header-display":"","ast-hfb-below-header-display":"","ast-hfb-mobile-header-display":"","site-post-title":"disabled","ast-breadcrumbs-content":"","ast-featured-img":"disabled","footer-sml-layout":"","ast-disable-related-posts":"","theme-transparent-header-meta":"","adv-header-id-meta":"","stick-header-meta":"","header-above-stick-meta":"","header-main-stick-meta":"","header-below-stick-meta":"","astra-migrate-meta-layouts":"default","ast-page-background-enabled":"default","ast-page-background-meta":{"desktop":{"background-color":"var(--ast-global-color-5)","background-image":"","background-repeat":"repeat","background-position":"center center","background-size":"auto","background-attachment":"scroll","background-type":"","background-media":"","overlay-type":"","overlay-color":"","overlay-opacity":"","overlay-gradient":""},"tablet":{"background-color":"","background-image":"","background-repeat":"repeat","background-position":"center center","background-size":"auto","background-attachment":"scroll","background-type":"","background-media":"","overlay-type":"","overlay-color":"","overlay-opacity":"","overlay-gradient":""},"mobile":{"background-color":"","background-image":"","background-repeat":"repeat","background-position":"center center","background-size":"auto","background-attachment":"scroll","background-type":"","background-media":"","overlay-type":"","overlay-color":"","overlay-opacity":"","overlay-gradient":""}},"ast-content-background-meta":{"desktop":{"background-color":"var(--ast-global-color-4)","background-image":"","background-repeat":"repeat","background-position":"center center","background-size":"auto","background-attachment":"scroll","background-type":"","background-media":"","overlay-type":"","overlay-color":"","overlay-opacity":"","overlay-gradient":""},"tablet":{"background-color":"var(--ast-global-color-4)","background-image":"","background-repeat":"repeat","background-position":"center center","background-size":"auto","background-attachment":"scroll","background-type":"","background-media":"","overlay-type":"","overlay-color":"","overlay-opacity":"","overlay-gradient":""},"mobile":{"background-color":"var(--ast-global-color-4)","background-image":"","background-repeat":"repeat","background-position":"center center","background-size":"auto","background-attachment":"scroll","background-type":"","background-media":"","overlay-type":"","overlay-color":"","overlay-opacity":"","overlay-gradient":""}},"footnotes":""},"class_list":["post-1075","page","type-page","status-publish","has-post-thumbnail","hentry"],"yoast_head":"<!-- This site is optimized with the Yoast SEO plugin v27.3 - https:\/\/yoast.com\/product\/yoast-seo-wordpress\/ -->\n<title>Helppok\u00e4ytt\u00f6inen tekstaripalvelu tiedotukseen | Kokeile ilmaiseksi!<\/title>\n<meta name=\"description\" content=\"J\u00e4sentiedottaminen tekstiviesteill\u00e4 on nopeaa ja suoraa. T\u00e4rke\u00e4t uutiset, p\u00e4\u00e4t\u00f6kset ja tapahtumat tavoittavat j\u00e4senet heti ja selke\u00e4sti.\" \/>\n<meta name=\"robots\" content=\"index, follow, max-snippet:-1, max-image-preview:large, max-video-preview:-1\" \/>\n<link rel=\"canonical\" href=\"https:\/\/tavoittaja.fi\/en\/jasentiedottaminen\/\" \/>\n<meta property=\"og:locale\" content=\"en_GB\" \/>\n<meta property=\"og:type\" content=\"article\" \/>\n<meta property=\"og:title\" content=\"Helppok\u00e4ytt\u00f6inen tekstaripalvelu tiedotukseen | Kokeile ilmaiseksi!\" \/>\n<meta property=\"og:description\" content=\"J\u00e4sentiedottaminen tekstiviesteill\u00e4 on nopeaa ja suoraa. T\u00e4rke\u00e4t uutiset, p\u00e4\u00e4t\u00f6kset ja tapahtumat tavoittavat j\u00e4senet heti ja selke\u00e4sti.\" \/>\n<meta property=\"og:url\" content=\"https:\/\/tavoittaja.fi\/en\/jasentiedottaminen\/\" \/>\n<meta property=\"og:site_name\" content=\"Tavoittaja\" \/>\n<meta property=\"og:image\" content=\"https:\/\/tavoittaja.fi\/wp-content\/uploads\/2025\/09\/tavoittaja-featured-img.png\" \/>\n\t<meta property=\"og:image:width\" content=\"1200\" \/>\n\t<meta property=\"og:image:height\" content=\"628\" \/>\n\t<meta property=\"og:image:type\" content=\"image\/png\" \/>\n<meta name=\"twitter:card\" content=\"summary_large_image\" \/>\n<meta name=\"twitter:label1\" content=\"Estimated reading time\" \/>\n\t<meta name=\"twitter:data1\" content=\"2 minutes\" \/>\n<script type=\"application\/ld+json\" class=\"yoast-schema-graph\">{\"@context\":\"https:\\\/\\\/schema.org\",\"@graph\":[{\"@type\":\"WebPage\",\"@id\":\"https:\\\/\\\/tavoittaja.fi\\\/jasentiedottaminen\\\/\",\"url\":\"https:\\\/\\\/tavoittaja.fi\\\/jasentiedottaminen\\\/\",\"name\":\"Helppok\u00e4ytt\u00f6inen tekstaripalvelu tiedotukseen | Kokeile ilmaiseksi!\",\"isPartOf\":{\"@id\":\"https:\\\/\\\/tavoittaja.fi\\\/#website\"},\"primaryImageOfPage\":{\"@id\":\"https:\\\/\\\/tavoittaja.fi\\\/jasentiedottaminen\\\/#primaryimage\"},\"image\":{\"@id\":\"https:\\\/\\\/tavoittaja.fi\\\/jasentiedottaminen\\\/#primaryimage\"},\"thumbnailUrl\":\"https:\\\/\\\/tavoittaja.fi\\\/wp-content\\\/uploads\\\/2025\\\/09\\\/tavoittaja-featured-img.png\",\"datePublished\":\"2025-12-04T07:47:23+00:00\",\"description\":\"J\u00e4sentiedottaminen tekstiviesteill\u00e4 on nopeaa ja suoraa. T\u00e4rke\u00e4t uutiset, p\u00e4\u00e4t\u00f6kset ja tapahtumat tavoittavat j\u00e4senet heti ja selke\u00e4sti.\",\"breadcrumb\":{\"@id\":\"https:\\\/\\\/tavoittaja.fi\\\/jasentiedottaminen\\\/#breadcrumb\"},\"inLanguage\":\"en-GB\",\"potentialAction\":[{\"@type\":\"ReadAction\",\"target\":[\"https:\\\/\\\/tavoittaja.fi\\\/jasentiedottaminen\\\/\"]}]},{\"@type\":\"ImageObject\",\"inLanguage\":\"en-GB\",\"@id\":\"https:\\\/\\\/tavoittaja.fi\\\/jasentiedottaminen\\\/#primaryimage\",\"url\":\"https:\\\/\\\/tavoittaja.fi\\\/wp-content\\\/uploads\\\/2025\\\/09\\\/tavoittaja-featured-img.png\",\"contentUrl\":\"https:\\\/\\\/tavoittaja.fi\\\/wp-content\\\/uploads\\\/2025\\\/09\\\/tavoittaja-featured-img.png\",\"width\":1200,\"height\":628},{\"@type\":\"BreadcrumbList\",\"@id\":\"https:\\\/\\\/tavoittaja.fi\\\/jasentiedottaminen\\\/#breadcrumb\",\"itemListElement\":[{\"@type\":\"ListItem\",\"position\":1,\"name\":\"Home\",\"item\":\"https:\\\/\\\/tavoittaja.fi\\\/\"},{\"@type\":\"ListItem\",\"position\":2,\"name\":\"J\u00e4sentiedottaminen\"}]},{\"@type\":\"WebSite\",\"@id\":\"https:\\\/\\\/tavoittaja.fi\\\/#website\",\"url\":\"https:\\\/\\\/tavoittaja.fi\\\/\",\"name\":\"Tavoittaja\",\"description\":\"Tekstiviestipalvelu verkossa\",\"publisher\":{\"@id\":\"https:\\\/\\\/tavoittaja.fi\\\/#organization\"},\"potentialAction\":[{\"@type\":\"SearchAction\",\"target\":{\"@type\":\"EntryPoint\",\"urlTemplate\":\"https:\\\/\\\/tavoittaja.fi\\\/?s={search_term_string}\"},\"query-input\":{\"@type\":\"PropertyValueSpecification\",\"valueRequired\":true,\"valueName\":\"search_term_string\"}}],\"inLanguage\":\"en-GB\"},{\"@type\":\"Organization\",\"@id\":\"https:\\\/\\\/tavoittaja.fi\\\/#organization\",\"name\":\"Tavoittaja\",\"url\":\"https:\\\/\\\/tavoittaja.fi\\\/\",\"logo\":{\"@type\":\"ImageObject\",\"inLanguage\":\"en-GB\",\"@id\":\"https:\\\/\\\/tavoittaja.fi\\\/#\\\/schema\\\/logo\\\/image\\\/\",\"url\":\"https:\\\/\\\/tavoittaja.fi\\\/wp-content\\\/uploads\\\/2025\\\/09\\\/tavoittaja-logo-500px-green.png\",\"contentUrl\":\"https:\\\/\\\/tavoittaja.fi\\\/wp-content\\\/uploads\\\/2025\\\/09\\\/tavoittaja-logo-500px-green.png\",\"width\":500,\"height\":127,\"caption\":\"Tavoittaja\"},\"image\":{\"@id\":\"https:\\\/\\\/tavoittaja.fi\\\/#\\\/schema\\\/logo\\\/image\\\/\"}}]}<\/script>\n<!-- \/ Yoast SEO plugin. -->","yoast_head_json":{"title":"Helppok\u00e4ytt\u00f6inen tekstaripalvelu tiedotukseen | Kokeile ilmaiseksi!","description":"J\u00e4sentiedottaminen tekstiviesteill\u00e4 on nopeaa ja suoraa. T\u00e4rke\u00e4t uutiset, p\u00e4\u00e4t\u00f6kset ja tapahtumat tavoittavat j\u00e4senet heti ja selke\u00e4sti.","robots":{"index":"index","follow":"follow","max-snippet":"max-snippet:-1","max-image-preview":"max-image-preview:large","max-video-preview":"max-video-preview:-1"},"canonical":"https:\/\/tavoittaja.fi\/en\/jasentiedottaminen\/","og_locale":"en_GB","og_type":"article","og_title":"Helppok\u00e4ytt\u00f6inen tekstaripalvelu tiedotukseen | Kokeile ilmaiseksi!","og_description":"J\u00e4sentiedottaminen tekstiviesteill\u00e4 on nopeaa ja suoraa. T\u00e4rke\u00e4t uutiset, p\u00e4\u00e4t\u00f6kset ja tapahtumat tavoittavat j\u00e4senet heti ja selke\u00e4sti.","og_url":"https:\/\/tavoittaja.fi\/en\/jasentiedottaminen\/","og_site_name":"Tavoittaja","og_image":[{"width":1200,"height":628,"url":"https:\/\/tavoittaja.fi\/wp-content\/uploads\/2025\/09\/tavoittaja-featured-img.png","type":"image\/png"}],"twitter_card":"summary_large_image","twitter_misc":{"Estimated reading time":"2 minutes"},"schema":{"@context":"https:\/\/schema.org","@graph":[{"@type":"WebPage","@id":"https:\/\/tavoittaja.fi\/jasentiedottaminen\/","url":"https:\/\/tavoittaja.fi\/jasentiedottaminen\/","name":"Helppok\u00e4ytt\u00f6inen tekstaripalvelu tiedotukseen | Kokeile ilmaiseksi!","isPartOf":{"@id":"https:\/\/tavoittaja.fi\/#website"},"primaryImageOfPage":{"@id":"https:\/\/tavoittaja.fi\/jasentiedottaminen\/#primaryimage"},"image":{"@id":"https:\/\/tavoittaja.fi\/jasentiedottaminen\/#primaryimage"},"thumbnailUrl":"https:\/\/tavoittaja.fi\/wp-content\/uploads\/2025\/09\/tavoittaja-featured-img.png","datePublished":"2025-12-04T07:47:23+00:00","description":"J\u00e4sentiedottaminen tekstiviesteill\u00e4 on nopeaa ja suoraa. T\u00e4rke\u00e4t uutiset, p\u00e4\u00e4t\u00f6kset ja tapahtumat tavoittavat j\u00e4senet heti ja selke\u00e4sti.","breadcrumb":{"@id":"https:\/\/tavoittaja.fi\/jasentiedottaminen\/#breadcrumb"},"inLanguage":"en-GB","potentialAction":[{"@type":"ReadAction","target":["https:\/\/tavoittaja.fi\/jasentiedottaminen\/"]}]},{"@type":"ImageObject","inLanguage":"en-GB","@id":"https:\/\/tavoittaja.fi\/jasentiedottaminen\/#primaryimage","url":"https:\/\/tavoittaja.fi\/wp-content\/uploads\/2025\/09\/tavoittaja-featured-img.png","contentUrl":"https:\/\/tavoittaja.fi\/wp-content\/uploads\/2025\/09\/tavoittaja-featured-img.png","width":1200,"height":628},{"@type":"BreadcrumbList","@id":"https:\/\/tavoittaja.fi\/jasentiedottaminen\/#breadcrumb","itemListElement":[{"@type":"ListItem","position":1,"name":"Home","item":"https:\/\/tavoittaja.fi\/"},{"@type":"ListItem","position":2,"name":"J\u00e4sentiedottaminen"}]},{"@type":"WebSite","@id":"https:\/\/tavoittaja.fi\/#website","url":"https:\/\/tavoittaja.fi\/","name":"Tavoittaja","description":"Tekstiviestipalvelu verkossa","publisher":{"@id":"https:\/\/tavoittaja.fi\/#organization"},"potentialAction":[{"@type":"SearchAction","target":{"@type":"EntryPoint","urlTemplate":"https:\/\/tavoittaja.fi\/?s={search_term_string}"},"query-input":{"@type":"PropertyValueSpecification","valueRequired":true,"valueName":"search_term_string"}}],"inLanguage":"en-GB"},{"@type":"Organization","@id":"https:\/\/tavoittaja.fi\/#organization","name":"Tavoittaja","url":"https:\/\/tavoittaja.fi\/","logo":{"@type":"ImageObject","inLanguage":"en-GB","@id":"https:\/\/tavoittaja.fi\/#\/schema\/logo\/image\/","url":"https:\/\/tavoittaja.fi\/wp-content\/uploads\/2025\/09\/tavoittaja-logo-500px-green.png","contentUrl":"https:\/\/tavoittaja.fi\/wp-content\/uploads\/2025\/09\/tavoittaja-logo-500px-green.png","width":500,"height":127,"caption":"Tavoittaja"},"image":{"@id":"https:\/\/tavoittaja.fi\/#\/schema\/logo\/image\/"}}]}},"uagb_featured_image_src":{"full":["https:\/\/tavoittaja.fi\/wp-content\/uploads\/2025\/09\/tavoittaja-featured-img.png",1200,628,false],"thumbnail":["https:\/\/tavoittaja.fi\/wp-content\/uploads\/2025\/09\/tavoittaja-featured-img-150x150.png",150,150,true],"medium":["https:\/\/tavoittaja.fi\/wp-content\/uploads\/2025\/09\/tavoittaja-featured-img-300x157.png",300,157,true],"medium_large":["https:\/\/tavoittaja.fi\/wp-content\/uploads\/2025\/09\/tavoittaja-featured-img-768x402.png",768,402,true],"large":["https:\/\/tavoittaja.fi\/wp-content\/uploads\/2025\/09\/tavoittaja-featured-img-1024x536.png",1024,536,true],"1536x1536":["https:\/\/tavoittaja.fi\/wp-content\/uploads\/2025\/09\/tavoittaja-featured-img.png",1200,628,false],"2048x2048":["https:\/\/tavoittaja.fi\/wp-content\/uploads\/2025\/09\/tavoittaja-featured-img.png",1200,628,false],"trp-custom-language-flag":["https:\/\/tavoittaja.fi\/wp-content\/uploads\/2025\/09\/tavoittaja-featured-img.png",18,9,false]},"uagb_author_info":{"display_name":"prospectum","author_link":"https:\/\/tavoittaja.fi\/en\/author\/prospectum\/"},"uagb_comment_info":0,"uagb_excerpt":"J\u00e4sentiedottaminen \u2013 pid\u00e4 j\u00e4senesi ajan tasalla\u00a0 J\u00e4senj\u00e4rjest\u00f6ille, yhdistyksille ja muille organisaatioille j\u00e4senviestint\u00e4 on keskeinen osa toimintaa. Hyvin suunniteltu ja s\u00e4\u00e4nn\u00f6llinen [&hellip;]","_links":{"self":[{"href":"https:\/\/tavoittaja.fi\/en\/wp-json\/wp\/v2\/pages\/1075","targetHints":{"allow":["GET"]}}],"collection":[{"href":"https:\/\/tavoittaja.fi\/en\/wp-json\/wp\/v2\/pages"}],"about":[{"href":"https:\/\/tavoittaja.fi\/en\/wp-json\/wp\/v2\/types\/page"}],"author":[{"embeddable":true,"href":"https:\/\/tavoittaja.fi\/en\/wp-json\/wp\/v2\/users\/1"}],"replies":[{"embeddable":true,"href":"https:\/\/tavoittaja.fi\/en\/wp-json\/wp\/v2\/comments?post=1075"}],"version-history":[{"count":1,"href":"https:\/\/tavoittaja.fi\/en\/wp-json\/wp\/v2\/pages\/1075\/revisions"}],"predecessor-version":[{"id":1076,"href":"https:\/\/tavoittaja.fi\/en\/wp-json\/wp\/v2\/pages\/1075\/revisions\/1076"}],"wp:featuredmedia":[{"embeddable":true,"href":"https:\/\/tavoittaja.fi\/en\/wp-json\/wp\/v2\/media\/405"}],"wp:attachment":[{"href":"https:\/\/tavoittaja.fi\/en\/wp-json\/wp\/v2\/media?parent=1075"}],"curies":[{"name":"wp","href":"https:\/\/api.w.org\/{rel}","templated":true}]}}