{"id":1078,"date":"2025-12-04T11:09:55","date_gmt":"2025-12-04T08:09:55","guid":{"rendered":"https:\/\/tavoittaja.fi\/?page_id=1078"},"modified":"2025-12-04T11:16:17","modified_gmt":"2025-12-04T08:16:17","slug":"sms-api","status":"publish","type":"page","link":"https:\/\/tavoittaja.fi\/en\/sms-api\/","title":{"rendered":"SMS API"},"content":{"rendered":"<div class=\"wp-block-group alignwide is-layout-constrained wp-container-core-group-is-layout-d5d3546b wp-block-group-is-layout-constrained\" style=\"padding-top:var(--wp--preset--spacing--80);padding-bottom:var(--wp--preset--spacing--80)\">\n<h1 class=\"wp-block-heading alignwide has-text-align-center\" style=\"margin-top:0;margin-bottom:0;font-size:64px;font-style:normal;font-weight:800;letter-spacing:-0.6px;line-height:1.1\"><strong>Text Message Interface SMS API for Automated Communication<\/strong>&nbsp;<\/h1>\n\n\n\n<p class=\"has-text-align-center has-ast-global-color-3-color has-text-color has-link-color wp-elements-9190df15e75133a6abaee3e41080fada\" style=\"font-size:20px\">Text messages remain one of the fastest and most reliable ways to reach your customers, members, or employees. Tavoittaja\u2019s text message interface, the SMS API, allows you to send messages directly from systems, applications, and services automatically, making your communication fast, targeted, and efficient.&nbsp;<\/p>\n\n\n\n<div class=\"wp-block-buttons is-content-justification-center is-layout-flex wp-container-core-buttons-is-layout-a89b3969 wp-block-buttons-is-layout-flex\">\n<div class=\"wp-block-button\"><a class=\"wp-block-button__link wp-element-button\" href=\"https:\/\/app.tavoittaja.fi\/register\" target=\"_blank\" rel=\"noreferrer noopener\">Try for free<\/a><\/div>\n\n\n\n<div class=\"wp-block-button is-style-outline is-style-outline--1\"><a class=\"wp-block-button__link wp-element-button\" href=\"https:\/\/app.tavoittaja.fi\/\" target=\"_blank\" rel=\"noreferrer noopener\">Log in<\/a><\/div>\n<\/div>\n<\/div>\n\n\n\n<div class=\"wp-block-group has-background is-layout-constrained wp-container-core-group-is-layout-6bf6c13b wp-block-group-is-layout-constrained\" style=\"border-top-left-radius:10px;border-top-right-radius:10px;border-bottom-left-radius:10px;border-bottom-right-radius:10px;background-color:#fbf9ff;margin-top:var(--wp--preset--spacing--60);margin-bottom:var(--wp--preset--spacing--60)\">\n<div class=\"wp-block-uagb-advanced-heading uagb-block-746c5657\"><h2 class=\"uagb-heading-text\"><strong><strong>Automation and scheduling<\/strong><\/strong><\/h2><\/div>\n\n\n\n<p>Tavoittaja\u2019s SMS API enables automatic sending of text messages for purposes such as appointments, campaigns, reminders, or disruption notifications. Your messages can be scheduled for a specific time, ensuring they reach your recipients at the right moment without manual effort.<\/p>\n<\/div>\n\n\n\n<div class=\"wp-block-group has-background is-layout-constrained wp-container-core-group-is-layout-6bf6c13b wp-block-group-is-layout-constrained\" style=\"border-top-left-radius:10px;border-top-right-radius:10px;border-bottom-left-radius:10px;border-bottom-right-radius:10px;background-color:#fbf9ff;margin-top:var(--wp--preset--spacing--60);margin-bottom:var(--wp--preset--spacing--60)\">\n<div class=\"wp-block-uagb-advanced-heading uagb-block-05f2b126\"><h2 class=\"uagb-heading-text\"><strong><strong><strong>Direct and reliable communication<\/strong><\/strong><\/strong><\/h2><\/div>\n\n\n\n<p>With Tavoittaja\u2019s SMS API, your messages are delivered directly to your recipients\u2019 mobile phones. SMS does not require an internet connection, and messages are often read immediately, making it a highly effective channel for delivering important notifications, offers, and alerts.<\/p>\n<\/div>\n\n\n\n<div class=\"wp-block-group has-background is-layout-constrained wp-container-core-group-is-layout-6bf6c13b wp-block-group-is-layout-constrained\" style=\"border-top-left-radius:10px;border-top-right-radius:10px;border-bottom-left-radius:10px;border-bottom-right-radius:10px;background-color:#fbf9ff;margin-top:var(--wp--preset--spacing--60);margin-bottom:var(--wp--preset--spacing--60)\">\n<div class=\"wp-block-uagb-advanced-heading uagb-block-44432b26\"><h2 class=\"uagb-heading-text\"><strong><strong><strong><strong>One-time codes and passwords<\/strong><\/strong><\/strong><\/strong><\/h2><\/div>\n\n\n\n<p>Text message APIs are also a key part of secure authentication. With Tavoittaja, you can automatically send one-time codes (OTP) and temporary passwords to your users, enhancing the security of your services and making login easier without the need to remember passwords.<\/p>\n<\/div>\n\n\n\n<div class=\"wp-block-group has-background is-layout-constrained wp-container-core-group-is-layout-6bf6c13b wp-block-group-is-layout-constrained\" style=\"border-top-left-radius:10px;border-top-right-radius:10px;border-bottom-left-radius:10px;border-bottom-right-radius:10px;background-color:#fbf9ff;margin-top:var(--wp--preset--spacing--60);margin-bottom:var(--wp--preset--spacing--60)\">\n<div class=\"wp-block-uagb-advanced-heading uagb-block-ad9ce8e9\"><h2 class=\"uagb-heading-text\"><strong><strong><strong><strong><strong>Targeted and personalized communication<\/strong><\/strong><\/strong><\/strong><\/strong><\/h2><\/div>\n\n\n\n<p>With Tavoittaja\u2019s API, your messages can be targeted based on factors such as the recipient\u2019s location, behavior, or customer profile. Personalization, such as adding the recipient\u2019s name, makes the message more personal and increases recipient engagement.<\/p>\n<\/div>\n\n\n\n<div class=\"wp-block-group has-background is-layout-constrained wp-container-core-group-is-layout-6bf6c13b wp-block-group-is-layout-constrained\" style=\"border-top-left-radius:10px;border-top-right-radius:10px;border-bottom-left-radius:10px;border-bottom-right-radius:10px;background-color:#fbf9ff;margin-top:var(--wp--preset--spacing--60);margin-bottom:var(--wp--preset--spacing--60)\">\n<div class=\"wp-block-uagb-advanced-heading uagb-block-46e8bba2\"><h2 class=\"uagb-heading-text\"><strong><strong><strong><strong><strong><strong>Integration with other systems<\/strong><\/strong><\/strong><\/strong><\/strong><\/strong><\/h2><\/div>\n\n\n\n<p>Tavoittaja\u2019s SMS API can be integrated with your CRM system, web application, appointment system, and other services, allowing your communication to be automated and managed from a single location. This improves the control and visibility of your messaging.<\/p>\n<\/div>\n\n\n\n<div class=\"wp-block-group has-background is-layout-constrained wp-container-core-group-is-layout-6bf6c13b wp-block-group-is-layout-constrained\" style=\"border-top-left-radius:10px;border-top-right-radius:10px;border-bottom-left-radius:10px;border-bottom-right-radius:10px;background-color:#fbf9ff;margin-top:var(--wp--preset--spacing--60);margin-bottom:var(--wp--preset--spacing--60)\">\n<div class=\"wp-block-uagb-advanced-heading uagb-block-eeab7a5e\"><h2 class=\"uagb-heading-text\"><strong><strong><strong><strong><strong><strong><strong>Monitoring and reporting<\/strong><\/strong><\/strong><\/strong><\/strong><\/strong><\/strong><\/h2><\/div>\n\n\n\n<p>Tavoittaja offers reporting features that allow you to track message delivery and your recipients\u2019 responses. This enables you to measure the effectiveness of your communication and optimize messages in the future.<\/p>\n<\/div>\n\n\n\n<div class=\"wp-block-group has-background is-layout-constrained wp-container-core-group-is-layout-6bf6c13b wp-block-group-is-layout-constrained\" style=\"border-top-left-radius:10px;border-top-right-radius:10px;border-bottom-left-radius:10px;border-bottom-right-radius:10px;background-color:#fbf9ff;margin-top:var(--wp--preset--spacing--60);margin-bottom:var(--wp--preset--spacing--60)\">\n<div class=\"wp-block-uagb-advanced-heading uagb-block-8b9b9c04\"><h2 class=\"uagb-heading-text\"><strong><strong><strong><strong><strong><strong><strong><strong>Delivery speed<\/strong><\/strong><\/strong><\/strong><\/strong><\/strong><\/strong><\/strong><\/h2><\/div>\n\n\n\n<p>Many systems send text messages slowly. Sending a large batch, for example 10,000 messages at once, can take a long time\u2014up to 30 minutes. With Tavoittaja, even large batches are forwarded to operators almost immediately, ensuring your SMS reaches your recipients instantly.&nbsp;<\/p>\n<\/div>\n\n\n\n<div class=\"wp-block-group alignfull has-ast-global-color-0-background-color has-background is-layout-constrained wp-container-core-group-is-layout-fb1ff79e wp-block-group-is-layout-constrained\" style=\"margin-top:var(--wp--preset--spacing--80);margin-bottom:0;padding-top:var(--wp--preset--spacing--80);padding-bottom:var(--wp--preset--spacing--80);background-image:url(&apos;https:\/\/tavoittaja.fi\/wp-content\/uploads\/2025\/09\/bg-green.png&apos;);background-position:50% 53%;background-size:cover;\">\n<h2 class=\"wp-block-heading has-text-align-center\">Want to learn more?<\/h2>\n\n\n\n<p class=\"has-text-align-center\">We\u2019re happy to tell you more! Our customer service is ready to answer any questions you may have.<\/p>\n\n\n\n<div class=\"wp-block-buttons is-content-justification-center is-layout-flex wp-container-core-buttons-is-layout-a89b3969 wp-block-buttons-is-layout-flex\">\n<div class=\"wp-block-button is-style-fill\"><a class=\"wp-block-button__link has-ast-global-color-2-color has-white-background-color has-text-color has-background has-link-color wp-element-button\" href=\"\/en\/asiakaspalvelu\/\">Contact us<\/a><\/div>\n\n\n\n<div class=\"wp-block-button is-style-fill\"><a class=\"wp-block-button__link has-ast-global-color-2-color has-white-background-color has-text-color has-background has-link-color wp-element-button\" href=\"\/en\/tekstiviestirajapinta\/\">Tutustu Tavoittajan SMS API:in<\/a><\/div>\n<\/div>\n<\/div>","protected":false},"excerpt":{"rendered":"<p>Tekstiviestirajapinta SMS API automatisoituun viestint\u00e4\u00e4n&nbsp; Tekstiviestit ovat yh\u00e4 yksi nopeimmista ja luotettavimmista tavoista tavoittaa asiakkaasi, j\u00e4senesi tai ty\u00f6ntekij\u00e4si. Tavoittajan tekstiviestirajapinta, [&hellip;]<\/p>\n","protected":false},"author":1,"featured_media":405,"parent":0,"menu_order":0,"comment_status":"closed","ping_status":"closed","template":"","meta":{"_uag_custom_page_level_css":"","site-sidebar-layout":"default","site-content-layout":"","ast-site-content-layout":"default","site-content-style":"default","site-sidebar-style":"default","ast-global-header-display":"","ast-banner-title-visibility":"","ast-main-header-display":"","ast-hfb-above-header-display":"","ast-hfb-below-header-display":"","ast-hfb-mobile-header-display":"","site-post-title":"disabled","ast-breadcrumbs-content":"","ast-featured-img":"disabled","footer-sml-layout":"","ast-disable-related-posts":"","theme-transparent-header-meta":"","adv-header-id-meta":"","stick-header-meta":"","header-above-stick-meta":"","header-main-stick-meta":"","header-below-stick-meta":"","astra-migrate-meta-layouts":"default","ast-page-background-enabled":"default","ast-page-background-meta":{"desktop":{"background-color":"var(--ast-global-color-5)","background-image":"","background-repeat":"repeat","background-position":"center center","background-size":"auto","background-attachment":"scroll","background-type":"","background-media":"","overlay-type":"","overlay-color":"","overlay-opacity":"","overlay-gradient":""},"tablet":{"background-color":"","background-image":"","background-repeat":"repeat","background-position":"center center","background-size":"auto","background-attachment":"scroll","background-type":"","background-media":"","overlay-type":"","overlay-color":"","overlay-opacity":"","overlay-gradient":""},"mobile":{"background-color":"","background-image":"","background-repeat":"repeat","background-position":"center center","background-size":"auto","background-attachment":"scroll","background-type":"","background-media":"","overlay-type":"","overlay-color":"","overlay-opacity":"","overlay-gradient":""}},"ast-content-background-meta":{"desktop":{"background-color":"var(--ast-global-color-4)","background-image":"","background-repeat":"repeat","background-position":"center center","background-size":"auto","background-attachment":"scroll","background-type":"","background-media":"","overlay-type":"","overlay-color":"","overlay-opacity":"","overlay-gradient":""},"tablet":{"background-color":"var(--ast-global-color-4)","background-image":"","background-repeat":"repeat","background-position":"center center","background-size":"auto","background-attachment":"scroll","background-type":"","background-media":"","overlay-type":"","overlay-color":"","overlay-opacity":"","overlay-gradient":""},"mobile":{"background-color":"var(--ast-global-color-4)","background-image":"","background-repeat":"repeat","background-position":"center center","background-size":"auto","background-attachment":"scroll","background-type":"","background-media":"","overlay-type":"","overlay-color":"","overlay-opacity":"","overlay-gradient":""}},"footnotes":""},"class_list":["post-1078","page","type-page","status-publish","has-post-thumbnail","hentry"],"yoast_head":"<!-- This site is optimized with the Yoast SEO plugin v27.3 - https:\/\/yoast.com\/product\/yoast-seo-wordpress\/ -->\n<title>Tekstiviestirajapinta | Ilman kuukausimaksua!<\/title>\n<meta name=\"description\" content=\"Tekstiviestirajapinta mahdollistaa automaattisen viestien l\u00e4hetyksen j\u00e4rjestelmist\u00e4, kuten ilmoitukset, vahvistukset ja kertak\u00e4ytt\u00f6koodit.\" \/>\n<meta name=\"robots\" content=\"index, follow, max-snippet:-1, max-image-preview:large, max-video-preview:-1\" \/>\n<link rel=\"canonical\" href=\"https:\/\/tavoittaja.fi\/en\/sms-api\/\" \/>\n<meta property=\"og:locale\" content=\"en_GB\" \/>\n<meta property=\"og:type\" content=\"article\" \/>\n<meta property=\"og:title\" content=\"Tekstiviestirajapinta | Ilman kuukausimaksua!\" \/>\n<meta property=\"og:description\" content=\"Tekstiviestirajapinta mahdollistaa automaattisen viestien l\u00e4hetyksen j\u00e4rjestelmist\u00e4, kuten ilmoitukset, vahvistukset ja kertak\u00e4ytt\u00f6koodit.\" \/>\n<meta property=\"og:url\" content=\"https:\/\/tavoittaja.fi\/en\/sms-api\/\" \/>\n<meta property=\"og:site_name\" content=\"Tavoittaja\" \/>\n<meta property=\"article:modified_time\" content=\"2025-12-04T08:16:17+00:00\" \/>\n<meta property=\"og:image\" content=\"https:\/\/tavoittaja.fi\/wp-content\/uploads\/2025\/09\/tavoittaja-featured-img.png\" \/>\n\t<meta property=\"og:image:width\" content=\"1200\" \/>\n\t<meta property=\"og:image:height\" content=\"628\" \/>\n\t<meta property=\"og:image:type\" content=\"image\/png\" \/>\n<meta name=\"twitter:card\" content=\"summary_large_image\" \/>\n<meta name=\"twitter:label1\" content=\"Estimated reading time\" \/>\n\t<meta name=\"twitter:data1\" content=\"2 minutes\" \/>\n<script type=\"application\/ld+json\" class=\"yoast-schema-graph\">{\"@context\":\"https:\\\/\\\/schema.org\",\"@graph\":[{\"@type\":\"WebPage\",\"@id\":\"https:\\\/\\\/tavoittaja.fi\\\/sms-api\\\/\",\"url\":\"https:\\\/\\\/tavoittaja.fi\\\/sms-api\\\/\",\"name\":\"Tekstiviestirajapinta | Ilman kuukausimaksua!\",\"isPartOf\":{\"@id\":\"https:\\\/\\\/tavoittaja.fi\\\/#website\"},\"primaryImageOfPage\":{\"@id\":\"https:\\\/\\\/tavoittaja.fi\\\/sms-api\\\/#primaryimage\"},\"image\":{\"@id\":\"https:\\\/\\\/tavoittaja.fi\\\/sms-api\\\/#primaryimage\"},\"thumbnailUrl\":\"https:\\\/\\\/tavoittaja.fi\\\/wp-content\\\/uploads\\\/2025\\\/09\\\/tavoittaja-featured-img.png\",\"datePublished\":\"2025-12-04T08:09:55+00:00\",\"dateModified\":\"2025-12-04T08:16:17+00:00\",\"description\":\"Tekstiviestirajapinta mahdollistaa automaattisen viestien l\u00e4hetyksen j\u00e4rjestelmist\u00e4, kuten ilmoitukset, vahvistukset ja kertak\u00e4ytt\u00f6koodit.\",\"breadcrumb\":{\"@id\":\"https:\\\/\\\/tavoittaja.fi\\\/sms-api\\\/#breadcrumb\"},\"inLanguage\":\"en-GB\",\"potentialAction\":[{\"@type\":\"ReadAction\",\"target\":[\"https:\\\/\\\/tavoittaja.fi\\\/sms-api\\\/\"]}]},{\"@type\":\"ImageObject\",\"inLanguage\":\"en-GB\",\"@id\":\"https:\\\/\\\/tavoittaja.fi\\\/sms-api\\\/#primaryimage\",\"url\":\"https:\\\/\\\/tavoittaja.fi\\\/wp-content\\\/uploads\\\/2025\\\/09\\\/tavoittaja-featured-img.png\",\"contentUrl\":\"https:\\\/\\\/tavoittaja.fi\\\/wp-content\\\/uploads\\\/2025\\\/09\\\/tavoittaja-featured-img.png\",\"width\":1200,\"height\":628},{\"@type\":\"BreadcrumbList\",\"@id\":\"https:\\\/\\\/tavoittaja.fi\\\/sms-api\\\/#breadcrumb\",\"itemListElement\":[{\"@type\":\"ListItem\",\"position\":1,\"name\":\"Home\",\"item\":\"https:\\\/\\\/tavoittaja.fi\\\/\"},{\"@type\":\"ListItem\",\"position\":2,\"name\":\"Tekstiviestirajapinta\"}]},{\"@type\":\"WebSite\",\"@id\":\"https:\\\/\\\/tavoittaja.fi\\\/#website\",\"url\":\"https:\\\/\\\/tavoittaja.fi\\\/\",\"name\":\"Tavoittaja\",\"description\":\"Tekstiviestipalvelu verkossa\",\"publisher\":{\"@id\":\"https:\\\/\\\/tavoittaja.fi\\\/#organization\"},\"potentialAction\":[{\"@type\":\"SearchAction\",\"target\":{\"@type\":\"EntryPoint\",\"urlTemplate\":\"https:\\\/\\\/tavoittaja.fi\\\/?s={search_term_string}\"},\"query-input\":{\"@type\":\"PropertyValueSpecification\",\"valueRequired\":true,\"valueName\":\"search_term_string\"}}],\"inLanguage\":\"en-GB\"},{\"@type\":\"Organization\",\"@id\":\"https:\\\/\\\/tavoittaja.fi\\\/#organization\",\"name\":\"Tavoittaja\",\"url\":\"https:\\\/\\\/tavoittaja.fi\\\/\",\"logo\":{\"@type\":\"ImageObject\",\"inLanguage\":\"en-GB\",\"@id\":\"https:\\\/\\\/tavoittaja.fi\\\/#\\\/schema\\\/logo\\\/image\\\/\",\"url\":\"https:\\\/\\\/tavoittaja.fi\\\/wp-content\\\/uploads\\\/2025\\\/09\\\/tavoittaja-logo-500px-green.png\",\"contentUrl\":\"https:\\\/\\\/tavoittaja.fi\\\/wp-content\\\/uploads\\\/2025\\\/09\\\/tavoittaja-logo-500px-green.png\",\"width\":500,\"height\":127,\"caption\":\"Tavoittaja\"},\"image\":{\"@id\":\"https:\\\/\\\/tavoittaja.fi\\\/#\\\/schema\\\/logo\\\/image\\\/\"}}]}<\/script>\n<!-- \/ Yoast SEO plugin. -->","yoast_head_json":{"title":"Tekstiviestirajapinta | Ilman kuukausimaksua!","description":"Tekstiviestirajapinta mahdollistaa automaattisen viestien l\u00e4hetyksen j\u00e4rjestelmist\u00e4, kuten ilmoitukset, vahvistukset ja kertak\u00e4ytt\u00f6koodit.","robots":{"index":"index","follow":"follow","max-snippet":"max-snippet:-1","max-image-preview":"max-image-preview:large","max-video-preview":"max-video-preview:-1"},"canonical":"https:\/\/tavoittaja.fi\/en\/sms-api\/","og_locale":"en_GB","og_type":"article","og_title":"Tekstiviestirajapinta | Ilman kuukausimaksua!","og_description":"Tekstiviestirajapinta mahdollistaa automaattisen viestien l\u00e4hetyksen j\u00e4rjestelmist\u00e4, kuten ilmoitukset, vahvistukset ja kertak\u00e4ytt\u00f6koodit.","og_url":"https:\/\/tavoittaja.fi\/en\/sms-api\/","og_site_name":"Tavoittaja","article_modified_time":"2025-12-04T08:16:17+00:00","og_image":[{"width":1200,"height":628,"url":"https:\/\/tavoittaja.fi\/wp-content\/uploads\/2025\/09\/tavoittaja-featured-img.png","type":"image\/png"}],"twitter_card":"summary_large_image","twitter_misc":{"Estimated reading time":"2 minutes"},"schema":{"@context":"https:\/\/schema.org","@graph":[{"@type":"WebPage","@id":"https:\/\/tavoittaja.fi\/sms-api\/","url":"https:\/\/tavoittaja.fi\/sms-api\/","name":"Tekstiviestirajapinta | Ilman kuukausimaksua!","isPartOf":{"@id":"https:\/\/tavoittaja.fi\/#website"},"primaryImageOfPage":{"@id":"https:\/\/tavoittaja.fi\/sms-api\/#primaryimage"},"image":{"@id":"https:\/\/tavoittaja.fi\/sms-api\/#primaryimage"},"thumbnailUrl":"https:\/\/tavoittaja.fi\/wp-content\/uploads\/2025\/09\/tavoittaja-featured-img.png","datePublished":"2025-12-04T08:09:55+00:00","dateModified":"2025-12-04T08:16:17+00:00","description":"Tekstiviestirajapinta mahdollistaa automaattisen viestien l\u00e4hetyksen j\u00e4rjestelmist\u00e4, kuten ilmoitukset, vahvistukset ja kertak\u00e4ytt\u00f6koodit.","breadcrumb":{"@id":"https:\/\/tavoittaja.fi\/sms-api\/#breadcrumb"},"inLanguage":"en-GB","potentialAction":[{"@type":"ReadAction","target":["https:\/\/tavoittaja.fi\/sms-api\/"]}]},{"@type":"ImageObject","inLanguage":"en-GB","@id":"https:\/\/tavoittaja.fi\/sms-api\/#primaryimage","url":"https:\/\/tavoittaja.fi\/wp-content\/uploads\/2025\/09\/tavoittaja-featured-img.png","contentUrl":"https:\/\/tavoittaja.fi\/wp-content\/uploads\/2025\/09\/tavoittaja-featured-img.png","width":1200,"height":628},{"@type":"BreadcrumbList","@id":"https:\/\/tavoittaja.fi\/sms-api\/#breadcrumb","itemListElement":[{"@type":"ListItem","position":1,"name":"Home","item":"https:\/\/tavoittaja.fi\/"},{"@type":"ListItem","position":2,"name":"Tekstiviestirajapinta"}]},{"@type":"WebSite","@id":"https:\/\/tavoittaja.fi\/#website","url":"https:\/\/tavoittaja.fi\/","name":"Tavoittaja","description":"Tekstiviestipalvelu verkossa","publisher":{"@id":"https:\/\/tavoittaja.fi\/#organization"},"potentialAction":[{"@type":"SearchAction","target":{"@type":"EntryPoint","urlTemplate":"https:\/\/tavoittaja.fi\/?s={search_term_string}"},"query-input":{"@type":"PropertyValueSpecification","valueRequired":true,"valueName":"search_term_string"}}],"inLanguage":"en-GB"},{"@type":"Organization","@id":"https:\/\/tavoittaja.fi\/#organization","name":"Tavoittaja","url":"https:\/\/tavoittaja.fi\/","logo":{"@type":"ImageObject","inLanguage":"en-GB","@id":"https:\/\/tavoittaja.fi\/#\/schema\/logo\/image\/","url":"https:\/\/tavoittaja.fi\/wp-content\/uploads\/2025\/09\/tavoittaja-logo-500px-green.png","contentUrl":"https:\/\/tavoittaja.fi\/wp-content\/uploads\/2025\/09\/tavoittaja-logo-500px-green.png","width":500,"height":127,"caption":"Tavoittaja"},"image":{"@id":"https:\/\/tavoittaja.fi\/#\/schema\/logo\/image\/"}}]}},"uagb_featured_image_src":{"full":["https:\/\/tavoittaja.fi\/wp-content\/uploads\/2025\/09\/tavoittaja-featured-img.png",1200,628,false],"thumbnail":["https:\/\/tavoittaja.fi\/wp-content\/uploads\/2025\/09\/tavoittaja-featured-img-150x150.png",150,150,true],"medium":["https:\/\/tavoittaja.fi\/wp-content\/uploads\/2025\/09\/tavoittaja-featured-img-300x157.png",300,157,true],"medium_large":["https:\/\/tavoittaja.fi\/wp-content\/uploads\/2025\/09\/tavoittaja-featured-img-768x402.png",768,402,true],"large":["https:\/\/tavoittaja.fi\/wp-content\/uploads\/2025\/09\/tavoittaja-featured-img-1024x536.png",1024,536,true],"1536x1536":["https:\/\/tavoittaja.fi\/wp-content\/uploads\/2025\/09\/tavoittaja-featured-img.png",1200,628,false],"2048x2048":["https:\/\/tavoittaja.fi\/wp-content\/uploads\/2025\/09\/tavoittaja-featured-img.png",1200,628,false],"trp-custom-language-flag":["https:\/\/tavoittaja.fi\/wp-content\/uploads\/2025\/09\/tavoittaja-featured-img.png",18,9,false]},"uagb_author_info":{"display_name":"prospectum","author_link":"https:\/\/tavoittaja.fi\/en\/author\/prospectum\/"},"uagb_comment_info":0,"uagb_excerpt":"Tekstiviestirajapinta SMS API automatisoituun viestint\u00e4\u00e4n&nbsp; Tekstiviestit ovat yh\u00e4 yksi nopeimmista ja luotettavimmista tavoista tavoittaa asiakkaasi, j\u00e4senesi tai ty\u00f6ntekij\u00e4si. Tavoittajan tekstiviestirajapinta, [&hellip;]","_links":{"self":[{"href":"https:\/\/tavoittaja.fi\/en\/wp-json\/wp\/v2\/pages\/1078","targetHints":{"allow":["GET"]}}],"collection":[{"href":"https:\/\/tavoittaja.fi\/en\/wp-json\/wp\/v2\/pages"}],"about":[{"href":"https:\/\/tavoittaja.fi\/en\/wp-json\/wp\/v2\/types\/page"}],"author":[{"embeddable":true,"href":"https:\/\/tavoittaja.fi\/en\/wp-json\/wp\/v2\/users\/1"}],"replies":[{"embeddable":true,"href":"https:\/\/tavoittaja.fi\/en\/wp-json\/wp\/v2\/comments?post=1078"}],"version-history":[{"count":5,"href":"https:\/\/tavoittaja.fi\/en\/wp-json\/wp\/v2\/pages\/1078\/revisions"}],"predecessor-version":[{"id":1103,"href":"https:\/\/tavoittaja.fi\/en\/wp-json\/wp\/v2\/pages\/1078\/revisions\/1103"}],"wp:featuredmedia":[{"embeddable":true,"href":"https:\/\/tavoittaja.fi\/en\/wp-json\/wp\/v2\/media\/405"}],"wp:attachment":[{"href":"https:\/\/tavoittaja.fi\/en\/wp-json\/wp\/v2\/media?parent=1078"}],"curies":[{"name":"wp","href":"https:\/\/api.w.org\/{rel}","templated":true}]}}