{"id":113,"date":"2025-08-27T07:27:30","date_gmt":"2025-08-27T07:27:30","guid":{"rendered":"https:\/\/beta.tavoittaja.fi\/?page_id=113"},"modified":"2026-02-18T15:49:07","modified_gmt":"2026-02-18T12:49:07","slug":"hinnoittelu","status":"publish","type":"page","link":"https:\/\/tavoittaja.fi\/en\/hinnoittelu\/","title":{"rendered":"Pricing"},"content":{"rendered":"<div class=\"wp-block-group alignwide is-layout-constrained wp-container-core-group-is-layout-d5d3546b wp-block-group-is-layout-constrained\" style=\"padding-top:var(--wp--preset--spacing--80);padding-bottom:var(--wp--preset--spacing--80)\">\n<h1 class=\"wp-block-heading alignwide has-text-align-center\" style=\"margin-top:0;margin-bottom:0;font-size:64px;font-style:normal;font-weight:800;letter-spacing:-0.6px;line-height:1.1\"><strong>Tavoittaja is an affordable<\/strong><br><strong>SMS sending tool<\/strong><\/h1>\n\n\n\n<p class=\"has-text-align-center has-ast-global-color-3-color has-text-color has-link-color wp-elements-55ca4870d3c7aecf664276058c85953d\" style=\"font-size:20px\">The service has no opening or monthly fees<br>\u2013 you only pay for the SMS credits. Check the pricing!<\/p>\n\n\n\n<div class=\"wp-block-buttons is-content-justification-center is-layout-flex wp-container-core-buttons-is-layout-a89b3969 wp-block-buttons-is-layout-flex\">\n<div class=\"wp-block-button\"><a class=\"wp-block-button__link wp-element-button\" href=\"https:\/\/app.tavoittaja.fi\/register\">Try for free<\/a><\/div>\n\n\n\n<div class=\"wp-block-button is-style-outline is-style-outline--1\"><a class=\"wp-block-button__link wp-element-button\" href=\"https:\/\/app.tavoittaja.fi\/\">Log in<\/a><\/div>\n<\/div>\n<\/div>\n\n\n\n<div class=\"wp-block-group is-layout-constrained wp-container-core-group-is-layout-0e40fdac wp-block-group-is-layout-constrained\" style=\"margin-top:var(--wp--preset--spacing--70);margin-bottom:0;padding-right:0\">\n<div class=\"wp-block-columns is-layout-flex wp-container-core-columns-is-layout-28f84493 wp-block-columns-is-layout-flex\">\n<div class=\"wp-block-column is-vertically-aligned-center is-layout-flow wp-block-column-is-layout-flow\" style=\"flex-basis:100%\">\n<h2 class=\"wp-block-heading\">Clear credit-based pricing for your messaging<\/h2>\n\n\n\n<p class=\"has-ast-global-color-3-color has-text-color has-link-color wp-elements-8803d986a8af8a87a4731d1aac9493f7\" style=\"padding-right:0rem\">In the Tavoittaja service, you only pay based on the number of message credits you use. The table below shows the credit pricing. Message credits are valid for 365 days from the date of purchase, and by purchasing a larger amount at once, you can significantly reduce your messaging costs.<\/p>\n<\/div>\n<\/div>\n<\/div>\n\n\n\n<div class=\"wp-block-group is-layout-constrained wp-container-core-group-is-layout-f1ba3e7e wp-block-group-is-layout-constrained\">\n<figure class=\"wp-block-table is-style-stripes has-medium-font-size\"><table class=\"has-fixed-layout\"><thead><tr><th class=\"has-text-align-left\" data-align=\"left\">Credit amount<\/th><th class=\"has-text-align-right\" data-align=\"right\">Price per credit<\/th><th class=\"has-text-align-right\" data-align=\"right\">Price starting from<\/th><\/tr><\/thead><tbody><tr><td class=\"has-text-align-left\" data-align=\"left\">500-2.499 kpl<\/td><td class=\"has-text-align-right\" data-align=\"right\">0,089\u20ac<\/td><td class=\"has-text-align-right\" data-align=\"right\">44,50\u20ac<\/td><\/tr><tr><td class=\"has-text-align-left\" data-align=\"left\">2.500-4.999 kpl<\/td><td class=\"has-text-align-right\" data-align=\"right\">0,084\u20ac<\/td><td class=\"has-text-align-right\" data-align=\"right\">210,00\u20ac<\/td><\/tr><tr><td class=\"has-text-align-left\" data-align=\"left\">5.000-19.999 kpl<\/td><td class=\"has-text-align-right\" data-align=\"right\">0,079\u20ac<\/td><td class=\"has-text-align-right\" data-align=\"right\">395,00\u20ac<\/td><\/tr><tr><td class=\"has-text-align-left\" data-align=\"left\">20.000-49.999 kpl<\/td><td class=\"has-text-align-right\" data-align=\"right\">0,069\u20ac<\/td><td class=\"has-text-align-right\" data-align=\"right\">1380,00\u20ac<\/td><\/tr><tr><td class=\"has-text-align-left\" data-align=\"left\">50.000-99.999 kpl<\/td><td class=\"has-text-align-right\" data-align=\"right\">0,059\u20ac<\/td><td class=\"has-text-align-right\" data-align=\"right\">2950,00\u20ac<\/td><\/tr><tr><td class=\"has-text-align-left\" data-align=\"left\">100 000 kpl<\/td><td class=\"has-text-align-right\" data-align=\"right\">0,054\u20ac<\/td><td class=\"has-text-align-right\" data-align=\"right\">5400,00\u20ac<\/td><\/tr><\/tbody><\/table><\/figure>\n\n\n\n<p class=\"has-text-align-right\">+VAT 25,5%<\/p>\n<\/div>\n\n\n\n<div class=\"wp-block-group is-layout-constrained wp-container-core-group-is-layout-0e40fdac wp-block-group-is-layout-constrained\" style=\"margin-top:var(--wp--preset--spacing--70);margin-bottom:0;padding-right:0\">\n<div class=\"wp-block-columns is-layout-flex wp-container-core-columns-is-layout-28f84493 wp-block-columns-is-layout-flex\">\n<div class=\"wp-block-column is-vertically-aligned-center is-layout-flow wp-block-column-is-layout-flow\" style=\"flex-basis:70%\">\n<h2 class=\"wp-block-heading\"><strong>SMS API<\/strong> &#8211; <strong>SMS Gateway<\/strong><\/h2>\n\n\n\n<p class=\"has-ast-global-color-3-color has-text-color has-link-color wp-elements-11d8dc4597cf0cf26e6aa990bb4923a2\" style=\"padding-right:0rem\">In addition to an efficient browser-based SMS sending tool, Tavoittaja also offers an SMS API for message delivery. The SMS Gateway can be activated with no monthly fees \u2014 the only cost is the message credits, as shown in the table above.&nbsp;<\/p>\n\n\n\n<div class=\"wp-block-buttons is-layout-flex wp-block-buttons-is-layout-flex\">\n<div class=\"wp-block-button\"><a class=\"wp-block-button__link wp-element-button\" href=\"\/en\/tekstiviestirajapinta\/\">Read more<\/a><\/div>\n<\/div>\n<\/div>\n\n\n\n<div class=\"wp-block-column is-vertically-aligned-center has-background is-layout-flow wp-block-column-is-layout-flow\" style=\"border-radius:10px;background-color:#fbf9ff;padding-top:var(--wp--preset--spacing--70);padding-bottom:var(--wp--preset--spacing--70);flex-basis:30%\">\n<p class=\"has-text-align-center\" style=\"margin-bottom:0;font-size:30px\"><strong>0\u20ac\/month<\/strong><\/p>\n\n\n\n<p class=\"has-text-align-center\" style=\"margin-top:0;margin-bottom:0;padding-top:0;padding-right:0;padding-bottom:0;padding-left:0\">+message credits<\/p>\n<\/div>\n<\/div>\n<\/div>\n\n\n\n<div class=\"wp-block-group is-layout-constrained wp-container-core-group-is-layout-0e40fdac wp-block-group-is-layout-constrained\" style=\"margin-top:var(--wp--preset--spacing--70);margin-bottom:0;padding-right:0\">\n<div class=\"wp-block-columns is-layout-flex wp-container-core-columns-is-layout-28f84493 wp-block-columns-is-layout-flex\">\n<div class=\"wp-block-column is-layout-flow wp-block-column-is-layout-flow\" style=\"flex-basis:70%\">\n<h2 class=\"wp-block-heading\">Two-way messaging \u2013 Long code<\/h2>\n\n\n\n<p class=\"has-ast-global-color-3-color has-text-color has-link-color wp-elements-eff7133869343386e2a53117acab6107\" style=\"padding-right:0rem\">In the new Tavoittaja, you can order a long code number for two-way messaging directly from the interface for an affordable price of 49\u20ac\/month (previously 99\u20ac\/month). Prices are excluding VAT.<\/p>\n\n\n\n<p><strong>Order a long code number for your company\u2019s use directly from the Tavoittaja interface!<\/strong><\/p>\n\n\n\n<div class=\"wp-block-buttons is-layout-flex wp-block-buttons-is-layout-flex\">\n<div class=\"wp-block-button\"><a class=\"wp-block-button__link wp-element-button\" href=\"https:\/\/app.tavoittaja.fi\/\">Log in<\/a><\/div>\n\n\n\n<div class=\"wp-block-button\"><a class=\"wp-block-button__link wp-element-button\" href=\"https:\/\/app.tavoittaja.fi\/register\">Register<\/a><\/div>\n<\/div>\n<\/div>\n\n\n\n<div class=\"wp-block-column is-vertically-aligned-center has-background is-layout-flow wp-block-column-is-layout-flow\" style=\"border-radius:10px;background-color:#fbf9ff;padding-top:var(--wp--preset--spacing--70);padding-bottom:var(--wp--preset--spacing--70);flex-basis:30%\">\n<p class=\"has-text-align-center\" style=\"margin-bottom:0;font-size:30px\"><strong>49\u20ac\/month<\/strong><\/p>\n\n\n\n<p class=\"has-text-align-center\" style=\"margin-top:0;margin-bottom:0;padding-top:0;padding-right:0;padding-bottom:0;padding-left:0\">+VAT 25,5%<\/p>\n<\/div>\n<\/div>\n<\/div>\n\n\n\n<div class=\"wp-block-group alignfull has-ast-global-color-0-background-color has-background is-layout-constrained wp-container-core-group-is-layout-fb1ff79e wp-block-group-is-layout-constrained\" style=\"margin-top:var(--wp--preset--spacing--80);margin-bottom:0;padding-top:var(--wp--preset--spacing--80);padding-bottom:var(--wp--preset--spacing--80);background-image:url(&apos;https:\/\/tavoittaja.fi\/wp-content\/uploads\/2025\/09\/bg-green.png&apos;);background-position:50% 50%;background-size:cover;\">\n<h2 class=\"wp-block-heading has-text-align-center\">Want to learn more?<\/h2>\n\n\n\n<p class=\"has-text-align-center\">We\u2019re happy to tell you more! Our customer service is ready to answer any questions you may have.<\/p>\n\n\n\n<div class=\"wp-block-buttons is-content-justification-center is-layout-flex wp-container-core-buttons-is-layout-a89b3969 wp-block-buttons-is-layout-flex\">\n<div class=\"wp-block-button is-style-fill\"><a class=\"wp-block-button__link has-ast-global-color-2-color has-white-background-color has-text-color has-background has-link-color wp-element-button\" href=\"https:\/\/tavoittaja.fi\/en\/asiakaspalvelu\/\">Contact us<\/a><\/div>\n<\/div>\n<\/div>\n\n\n\n<p><\/p>","protected":false},"excerpt":{"rendered":"<p>Tavoittaja on edullinenSMS-l\u00e4hetysty\u00f6kalu Palvelussa ei ole avaus- tai kuukausimaksuja \u2028&#8211; maksat vain tekstiviestikrediiteist\u00e4. Katso hinnoittelu! Selke\u00e4 krediittipohjainen hinnoittelu viestiliikenteeseen Tavoittaja-palvelussa [&hellip;]<\/p>\n","protected":false},"author":1,"featured_media":405,"parent":0,"menu_order":0,"comment_status":"closed","ping_status":"closed","template":"","meta":{"_uag_custom_page_level_css":"","site-sidebar-layout":"default","site-content-layout":"","ast-site-content-layout":"default","site-content-style":"default","site-sidebar-style":"default","ast-global-header-display":"","ast-banner-title-visibility":"","ast-main-header-display":"","ast-hfb-above-header-display":"","ast-hfb-below-header-display":"","ast-hfb-mobile-header-display":"","site-post-title":"disabled","ast-breadcrumbs-content":"","ast-featured-img":"disabled","footer-sml-layout":"","ast-disable-related-posts":"","theme-transparent-header-meta":"","adv-header-id-meta":"","stick-header-meta":"","header-above-stick-meta":"","header-main-stick-meta":"","header-below-stick-meta":"","astra-migrate-meta-layouts":"default","ast-page-background-enabled":"default","ast-page-background-meta":{"desktop":{"background-color":"var(--ast-global-color-5)","background-image":"","background-repeat":"repeat","background-position":"center center","background-size":"auto","background-attachment":"scroll","background-type":"","background-media":"","overlay-type":"","overlay-color":"","overlay-opacity":"","overlay-gradient":""},"tablet":{"background-color":"","background-image":"","background-repeat":"repeat","background-position":"center center","background-size":"auto","background-attachment":"scroll","background-type":"","background-media":"","overlay-type":"","overlay-color":"","overlay-opacity":"","overlay-gradient":""},"mobile":{"background-color":"","background-image":"","background-repeat":"repeat","background-position":"center center","background-size":"auto","background-attachment":"scroll","background-type":"","background-media":"","overlay-type":"","overlay-color":"","overlay-opacity":"","overlay-gradient":""}},"ast-content-background-meta":{"desktop":{"background-color":"var(--ast-global-color-4)","background-image":"","background-repeat":"repeat","background-position":"center center","background-size":"auto","background-attachment":"scroll","background-type":"","background-media":"","overlay-type":"","overlay-color":"","overlay-opacity":"","overlay-gradient":""},"tablet":{"background-color":"var(--ast-global-color-4)","background-image":"","background-repeat":"repeat","background-position":"center center","background-size":"auto","background-attachment":"scroll","background-type":"","background-media":"","overlay-type":"","overlay-color":"","overlay-opacity":"","overlay-gradient":""},"mobile":{"background-color":"var(--ast-global-color-4)","background-image":"","background-repeat":"repeat","background-position":"center center","background-size":"auto","background-attachment":"scroll","background-type":"","background-media":"","overlay-type":"","overlay-color":"","overlay-opacity":"","overlay-gradient":""}},"footnotes":""},"class_list":["post-113","page","type-page","status-publish","has-post-thumbnail","hentry"],"yoast_head":"<!-- This site is optimized with the Yoast SEO plugin v27.3 - https:\/\/yoast.com\/product\/yoast-seo-wordpress\/ -->\n<title>Tekstiviestipalvelu ilman kuukausimaksu | Tutustu hinnoitteluun!<\/title>\n<meta name=\"description\" content=\"Tavoittaja.fi tekstiviestipalvelussa ei ole avaus- tai kuukausimaksuja \u2028\u2013 maksat vain l\u00e4hetetyist\u00e4 tekstiviesteist\u00e4. Katso hinnoittelu!\" \/>\n<meta name=\"robots\" content=\"index, follow, max-snippet:-1, max-image-preview:large, max-video-preview:-1\" \/>\n<link rel=\"canonical\" href=\"https:\/\/tavoittaja.fi\/en\/hinnoittelu\/\" \/>\n<meta property=\"og:locale\" content=\"en_GB\" \/>\n<meta property=\"og:type\" content=\"article\" \/>\n<meta property=\"og:title\" content=\"Tekstiviestipalvelu ilman kuukausimaksu | Tutustu hinnoitteluun!\" \/>\n<meta property=\"og:description\" content=\"Tavoittaja.fi tekstiviestipalvelussa ei ole avaus- tai kuukausimaksuja \u2028\u2013 maksat vain l\u00e4hetetyist\u00e4 tekstiviesteist\u00e4. Katso hinnoittelu!\" \/>\n<meta property=\"og:url\" content=\"https:\/\/tavoittaja.fi\/en\/hinnoittelu\/\" \/>\n<meta property=\"og:site_name\" content=\"Tavoittaja\" \/>\n<meta property=\"article:modified_time\" content=\"2026-02-18T12:49:07+00:00\" \/>\n<meta property=\"og:image\" content=\"https:\/\/tavoittaja.fi\/wp-content\/uploads\/2025\/09\/tavoittaja-featured-img.png\" \/>\n\t<meta property=\"og:image:width\" content=\"1200\" \/>\n\t<meta property=\"og:image:height\" content=\"628\" \/>\n\t<meta property=\"og:image:type\" content=\"image\/png\" \/>\n<meta name=\"twitter:card\" content=\"summary_large_image\" \/>\n<meta name=\"twitter:label1\" content=\"Estimated reading time\" \/>\n\t<meta name=\"twitter:data1\" content=\"1 minute\" \/>\n<script type=\"application\/ld+json\" class=\"yoast-schema-graph\">{\"@context\":\"https:\\\/\\\/schema.org\",\"@graph\":[{\"@type\":\"WebPage\",\"@id\":\"https:\\\/\\\/tavoittaja.fi\\\/hinnoittelu\\\/\",\"url\":\"https:\\\/\\\/tavoittaja.fi\\\/hinnoittelu\\\/\",\"name\":\"Tekstiviestipalvelu ilman kuukausimaksu | Tutustu hinnoitteluun!\",\"isPartOf\":{\"@id\":\"https:\\\/\\\/tavoittaja.fi\\\/#website\"},\"primaryImageOfPage\":{\"@id\":\"https:\\\/\\\/tavoittaja.fi\\\/hinnoittelu\\\/#primaryimage\"},\"image\":{\"@id\":\"https:\\\/\\\/tavoittaja.fi\\\/hinnoittelu\\\/#primaryimage\"},\"thumbnailUrl\":\"https:\\\/\\\/tavoittaja.fi\\\/wp-content\\\/uploads\\\/2025\\\/09\\\/tavoittaja-featured-img.png\",\"datePublished\":\"2025-08-27T07:27:30+00:00\",\"dateModified\":\"2026-02-18T12:49:07+00:00\",\"description\":\"Tavoittaja.fi tekstiviestipalvelussa ei ole avaus- tai kuukausimaksuja \\u2028\u2013 maksat vain l\u00e4hetetyist\u00e4 tekstiviesteist\u00e4. Katso hinnoittelu!\",\"breadcrumb\":{\"@id\":\"https:\\\/\\\/tavoittaja.fi\\\/hinnoittelu\\\/#breadcrumb\"},\"inLanguage\":\"en-GB\",\"potentialAction\":[{\"@type\":\"ReadAction\",\"target\":[\"https:\\\/\\\/tavoittaja.fi\\\/hinnoittelu\\\/\"]}]},{\"@type\":\"ImageObject\",\"inLanguage\":\"en-GB\",\"@id\":\"https:\\\/\\\/tavoittaja.fi\\\/hinnoittelu\\\/#primaryimage\",\"url\":\"https:\\\/\\\/tavoittaja.fi\\\/wp-content\\\/uploads\\\/2025\\\/09\\\/tavoittaja-featured-img.png\",\"contentUrl\":\"https:\\\/\\\/tavoittaja.fi\\\/wp-content\\\/uploads\\\/2025\\\/09\\\/tavoittaja-featured-img.png\",\"width\":1200,\"height\":628},{\"@type\":\"BreadcrumbList\",\"@id\":\"https:\\\/\\\/tavoittaja.fi\\\/hinnoittelu\\\/#breadcrumb\",\"itemListElement\":[{\"@type\":\"ListItem\",\"position\":1,\"name\":\"Home\",\"item\":\"https:\\\/\\\/tavoittaja.fi\\\/\"},{\"@type\":\"ListItem\",\"position\":2,\"name\":\"Hinnoittelu\"}]},{\"@type\":\"WebSite\",\"@id\":\"https:\\\/\\\/tavoittaja.fi\\\/#website\",\"url\":\"https:\\\/\\\/tavoittaja.fi\\\/\",\"name\":\"Tavoittaja\",\"description\":\"Tekstiviestipalvelu verkossa\",\"publisher\":{\"@id\":\"https:\\\/\\\/tavoittaja.fi\\\/#organization\"},\"potentialAction\":[{\"@type\":\"SearchAction\",\"target\":{\"@type\":\"EntryPoint\",\"urlTemplate\":\"https:\\\/\\\/tavoittaja.fi\\\/?s={search_term_string}\"},\"query-input\":{\"@type\":\"PropertyValueSpecification\",\"valueRequired\":true,\"valueName\":\"search_term_string\"}}],\"inLanguage\":\"en-GB\"},{\"@type\":\"Organization\",\"@id\":\"https:\\\/\\\/tavoittaja.fi\\\/#organization\",\"name\":\"Tavoittaja\",\"url\":\"https:\\\/\\\/tavoittaja.fi\\\/\",\"logo\":{\"@type\":\"ImageObject\",\"inLanguage\":\"en-GB\",\"@id\":\"https:\\\/\\\/tavoittaja.fi\\\/#\\\/schema\\\/logo\\\/image\\\/\",\"url\":\"https:\\\/\\\/tavoittaja.fi\\\/wp-content\\\/uploads\\\/2025\\\/09\\\/tavoittaja-logo-500px-green.png\",\"contentUrl\":\"https:\\\/\\\/tavoittaja.fi\\\/wp-content\\\/uploads\\\/2025\\\/09\\\/tavoittaja-logo-500px-green.png\",\"width\":500,\"height\":127,\"caption\":\"Tavoittaja\"},\"image\":{\"@id\":\"https:\\\/\\\/tavoittaja.fi\\\/#\\\/schema\\\/logo\\\/image\\\/\"}}]}<\/script>\n<!-- \/ Yoast SEO plugin. -->","yoast_head_json":{"title":"Tekstiviestipalvelu ilman kuukausimaksu | Tutustu hinnoitteluun!","description":"Tavoittaja.fi tekstiviestipalvelussa ei ole avaus- tai kuukausimaksuja \u2028\u2013 maksat vain l\u00e4hetetyist\u00e4 tekstiviesteist\u00e4. Katso hinnoittelu!","robots":{"index":"index","follow":"follow","max-snippet":"max-snippet:-1","max-image-preview":"max-image-preview:large","max-video-preview":"max-video-preview:-1"},"canonical":"https:\/\/tavoittaja.fi\/en\/hinnoittelu\/","og_locale":"en_GB","og_type":"article","og_title":"Tekstiviestipalvelu ilman kuukausimaksu | Tutustu hinnoitteluun!","og_description":"Tavoittaja.fi tekstiviestipalvelussa ei ole avaus- tai kuukausimaksuja \u2028\u2013 maksat vain l\u00e4hetetyist\u00e4 tekstiviesteist\u00e4. Katso hinnoittelu!","og_url":"https:\/\/tavoittaja.fi\/en\/hinnoittelu\/","og_site_name":"Tavoittaja","article_modified_time":"2026-02-18T12:49:07+00:00","og_image":[{"width":1200,"height":628,"url":"https:\/\/tavoittaja.fi\/wp-content\/uploads\/2025\/09\/tavoittaja-featured-img.png","type":"image\/png"}],"twitter_card":"summary_large_image","twitter_misc":{"Estimated reading time":"1 minute"},"schema":{"@context":"https:\/\/schema.org","@graph":[{"@type":"WebPage","@id":"https:\/\/tavoittaja.fi\/hinnoittelu\/","url":"https:\/\/tavoittaja.fi\/hinnoittelu\/","name":"Tekstiviestipalvelu ilman kuukausimaksu | Tutustu hinnoitteluun!","isPartOf":{"@id":"https:\/\/tavoittaja.fi\/#website"},"primaryImageOfPage":{"@id":"https:\/\/tavoittaja.fi\/hinnoittelu\/#primaryimage"},"image":{"@id":"https:\/\/tavoittaja.fi\/hinnoittelu\/#primaryimage"},"thumbnailUrl":"https:\/\/tavoittaja.fi\/wp-content\/uploads\/2025\/09\/tavoittaja-featured-img.png","datePublished":"2025-08-27T07:27:30+00:00","dateModified":"2026-02-18T12:49:07+00:00","description":"Tavoittaja.fi tekstiviestipalvelussa ei ole avaus- tai kuukausimaksuja \u2028\u2013 maksat vain l\u00e4hetetyist\u00e4 tekstiviesteist\u00e4. Katso hinnoittelu!","breadcrumb":{"@id":"https:\/\/tavoittaja.fi\/hinnoittelu\/#breadcrumb"},"inLanguage":"en-GB","potentialAction":[{"@type":"ReadAction","target":["https:\/\/tavoittaja.fi\/hinnoittelu\/"]}]},{"@type":"ImageObject","inLanguage":"en-GB","@id":"https:\/\/tavoittaja.fi\/hinnoittelu\/#primaryimage","url":"https:\/\/tavoittaja.fi\/wp-content\/uploads\/2025\/09\/tavoittaja-featured-img.png","contentUrl":"https:\/\/tavoittaja.fi\/wp-content\/uploads\/2025\/09\/tavoittaja-featured-img.png","width":1200,"height":628},{"@type":"BreadcrumbList","@id":"https:\/\/tavoittaja.fi\/hinnoittelu\/#breadcrumb","itemListElement":[{"@type":"ListItem","position":1,"name":"Home","item":"https:\/\/tavoittaja.fi\/"},{"@type":"ListItem","position":2,"name":"Hinnoittelu"}]},{"@type":"WebSite","@id":"https:\/\/tavoittaja.fi\/#website","url":"https:\/\/tavoittaja.fi\/","name":"Tavoittaja","description":"Tekstiviestipalvelu verkossa","publisher":{"@id":"https:\/\/tavoittaja.fi\/#organization"},"potentialAction":[{"@type":"SearchAction","target":{"@type":"EntryPoint","urlTemplate":"https:\/\/tavoittaja.fi\/?s={search_term_string}"},"query-input":{"@type":"PropertyValueSpecification","valueRequired":true,"valueName":"search_term_string"}}],"inLanguage":"en-GB"},{"@type":"Organization","@id":"https:\/\/tavoittaja.fi\/#organization","name":"Tavoittaja","url":"https:\/\/tavoittaja.fi\/","logo":{"@type":"ImageObject","inLanguage":"en-GB","@id":"https:\/\/tavoittaja.fi\/#\/schema\/logo\/image\/","url":"https:\/\/tavoittaja.fi\/wp-content\/uploads\/2025\/09\/tavoittaja-logo-500px-green.png","contentUrl":"https:\/\/tavoittaja.fi\/wp-content\/uploads\/2025\/09\/tavoittaja-logo-500px-green.png","width":500,"height":127,"caption":"Tavoittaja"},"image":{"@id":"https:\/\/tavoittaja.fi\/#\/schema\/logo\/image\/"}}]}},"uagb_featured_image_src":{"full":["https:\/\/tavoittaja.fi\/wp-content\/uploads\/2025\/09\/tavoittaja-featured-img.png",1200,628,false],"thumbnail":["https:\/\/tavoittaja.fi\/wp-content\/uploads\/2025\/09\/tavoittaja-featured-img-150x150.png",150,150,true],"medium":["https:\/\/tavoittaja.fi\/wp-content\/uploads\/2025\/09\/tavoittaja-featured-img-300x157.png",300,157,true],"medium_large":["https:\/\/tavoittaja.fi\/wp-content\/uploads\/2025\/09\/tavoittaja-featured-img-768x402.png",768,402,true],"large":["https:\/\/tavoittaja.fi\/wp-content\/uploads\/2025\/09\/tavoittaja-featured-img-1024x536.png",1024,536,true],"1536x1536":["https:\/\/tavoittaja.fi\/wp-content\/uploads\/2025\/09\/tavoittaja-featured-img.png",1200,628,false],"2048x2048":["https:\/\/tavoittaja.fi\/wp-content\/uploads\/2025\/09\/tavoittaja-featured-img.png",1200,628,false],"trp-custom-language-flag":["https:\/\/tavoittaja.fi\/wp-content\/uploads\/2025\/09\/tavoittaja-featured-img.png",18,9,false]},"uagb_author_info":{"display_name":"prospectum","author_link":"https:\/\/tavoittaja.fi\/en\/author\/prospectum\/"},"uagb_comment_info":0,"uagb_excerpt":"Tavoittaja on edullinenSMS-l\u00e4hetysty\u00f6kalu Palvelussa ei ole avaus- tai kuukausimaksuja \u2028&#8211; maksat vain tekstiviestikrediiteist\u00e4. Katso hinnoittelu! Selke\u00e4 krediittipohjainen hinnoittelu viestiliikenteeseen Tavoittaja-palvelussa [&hellip;]","_links":{"self":[{"href":"https:\/\/tavoittaja.fi\/en\/wp-json\/wp\/v2\/pages\/113","targetHints":{"allow":["GET"]}}],"collection":[{"href":"https:\/\/tavoittaja.fi\/en\/wp-json\/wp\/v2\/pages"}],"about":[{"href":"https:\/\/tavoittaja.fi\/en\/wp-json\/wp\/v2\/types\/page"}],"author":[{"embeddable":true,"href":"https:\/\/tavoittaja.fi\/en\/wp-json\/wp\/v2\/users\/1"}],"replies":[{"embeddable":true,"href":"https:\/\/tavoittaja.fi\/en\/wp-json\/wp\/v2\/comments?post=113"}],"version-history":[{"count":48,"href":"https:\/\/tavoittaja.fi\/en\/wp-json\/wp\/v2\/pages\/113\/revisions"}],"predecessor-version":[{"id":1134,"href":"https:\/\/tavoittaja.fi\/en\/wp-json\/wp\/v2\/pages\/113\/revisions\/1134"}],"wp:featuredmedia":[{"embeddable":true,"href":"https:\/\/tavoittaja.fi\/en\/wp-json\/wp\/v2\/media\/405"}],"wp:attachment":[{"href":"https:\/\/tavoittaja.fi\/en\/wp-json\/wp\/v2\/media?parent=113"}],"curies":[{"name":"wp","href":"https:\/\/api.w.org\/{rel}","templated":true}]}}