{"id":391,"date":"2025-09-15T12:55:16","date_gmt":"2025-09-15T09:55:16","guid":{"rendered":"https:\/\/beta.tavoittaja.fi\/?page_id=391"},"modified":"2026-02-27T09:48:12","modified_gmt":"2026-02-27T06:48:12","slug":"tekstiviestirajapinta","status":"publish","type":"page","link":"https:\/\/tavoittaja.fi\/en\/tekstiviestirajapinta\/","title":{"rendered":"SMS API"},"content":{"rendered":"<div class=\"wp-block-group alignwide is-layout-constrained wp-container-core-group-is-layout-d5d3546b wp-block-group-is-layout-constrained\" style=\"padding-top:var(--wp--preset--spacing--80);padding-bottom:var(--wp--preset--spacing--80)\">\n<h1 class=\"wp-block-heading alignwide has-text-align-center\" style=\"margin-top:0;margin-bottom:0;font-size:64px;font-style:normal;font-weight:800;letter-spacing:-0.6px;line-height:1.1\">Connect Tavoittaja to your<br>own systems with SMS Gateway<\/h1>\n\n\n\n<p class=\"has-text-align-center has-ast-global-color-3-color has-text-color has-link-color wp-elements-2ced207c0517cf4e59ee9e0ce64d5161\" style=\"font-size:20px\">In addition to an efficient browser-based SMS sending tool,<br>Tavoittaja also offers a text message API for sending SMS messages.<\/p>\n\n\n\n<div class=\"wp-block-buttons is-content-justification-center is-layout-flex wp-container-core-buttons-is-layout-a89b3969 wp-block-buttons-is-layout-flex\">\n<div class=\"wp-block-button\"><a class=\"wp-block-button__link wp-element-button\" href=\"https:\/\/app.tavoittaja.fi\/register\" target=\"_blank\" rel=\"noreferrer noopener\">Try for free<\/a><\/div>\n\n\n\n<div class=\"wp-block-button is-style-outline is-style-outline--1\"><a class=\"wp-block-button__link wp-element-button\" href=\"https:\/\/app.tavoittaja.fi\/\" target=\"_blank\" rel=\"noreferrer noopener\">Log in<\/a><\/div>\n<\/div>\n<\/div>\n\n\n\n<div class=\"wp-block-group is-layout-constrained wp-container-core-group-is-layout-6bf6c13b wp-block-group-is-layout-constrained\" style=\"margin-top:var(--wp--preset--spacing--60);margin-bottom:var(--wp--preset--spacing--60)\">\n<div class=\"wp-block-uagb-advanced-heading uagb-block-746c5657\"><h2 class=\"uagb-heading-text\"><strong>Create a continuous data collection process using the API<\/strong>&nbsp;<\/h2><\/div>\n\n\n\n<p>Connect your own information system to the Tavoittaja service and set up a continuous data collection process, where your system determines the message recipient and Tavoittaja takes care of the rest for you. You can attach a standard survey to the outgoing message, or use a long code service to collect response data directly into your own system. The service is ideal, for example, for continuous customer satisfaction measurement.&nbsp;&nbsp;<\/p>\n\n\n\n<p>Message delivery to Tavoittaja is carried out via a REST API. If you wish, you can enable webhooks for message tracking, allowing your system to automatically receive notifications when a message has been delivered to the recipient or if an error occurs during delivery.<\/p>\n\n\n\n<div class=\"wp-block-buttons is-layout-flex wp-block-buttons-is-layout-flex\">\n<div class=\"wp-block-button\"><a class=\"wp-block-button__link wp-element-button\" href=\"\/en\/sms-api\/\">Discover the Benefits of the SMS API<\/a><\/div>\n<\/div>\n<\/div>\n\n\n\n<div class=\"wp-block-group alignfull has-background is-layout-constrained wp-container-core-group-is-layout-f1ba3e7e wp-block-group-is-layout-constrained\" style=\"background-color:#fbf9ff\">\n<h3 class=\"wp-block-heading has-text-align-left\" style=\"margin-bottom:var(--wp--preset--spacing--80)\">The Tavoittaja SMS API is suitable for<\/h3>\n\n\n\n<div class=\"wp-block-columns are-vertically-aligned-center is-layout-flex wp-container-core-columns-is-layout-ef350914 wp-block-columns-is-layout-flex\" style=\"padding-top:var(--wp--preset--spacing--30);padding-bottom:var(--wp--preset--spacing--30)\">\n<div class=\"wp-block-column is-vertically-aligned-center is-layout-flow wp-block-column-is-layout-flow\">\n<div class=\"wp-block-media-text api-icon\" style=\"grid-template-columns:20% auto\"><figure class=\"wp-block-media-text__media\"><img loading=\"lazy\" decoding=\"async\" width=\"160\" height=\"160\" src=\"https:\/\/tavoittaja.fi\/wp-content\/uploads\/2025\/09\/new-booking-icon-1.png\" alt=\"\" class=\"wp-image-786 size-full\" srcset=\"https:\/\/tavoittaja.fi\/wp-content\/uploads\/2025\/09\/new-booking-icon-1.png 160w, https:\/\/tavoittaja.fi\/wp-content\/uploads\/2025\/09\/new-booking-icon-1-150x150.png 150w, https:\/\/tavoittaja.fi\/wp-content\/uploads\/2025\/09\/new-booking-icon-1-12x12.png 12w\" sizes=\"auto, (max-width: 160px) 100vw, 160px\" \/><\/figure><div class=\"wp-block-media-text__content\">\n<p class=\"has-text-align-left\" style=\"font-size:18px\"><strong>Booking systems<\/strong><\/p>\n<\/div><\/div>\n<\/div>\n\n\n\n<div class=\"wp-block-column is-vertically-aligned-center is-layout-flow wp-block-column-is-layout-flow\">\n<div class=\"wp-block-media-text api-icon\" style=\"grid-template-columns:20% auto\"><figure class=\"wp-block-media-text__media\"><img loading=\"lazy\" decoding=\"async\" width=\"160\" height=\"160\" src=\"https:\/\/tavoittaja.fi\/wp-content\/uploads\/2025\/09\/new-confirm-icon.png\" alt=\"\" class=\"wp-image-793 size-full\" srcset=\"https:\/\/tavoittaja.fi\/wp-content\/uploads\/2025\/09\/new-confirm-icon.png 160w, https:\/\/tavoittaja.fi\/wp-content\/uploads\/2025\/09\/new-confirm-icon-150x150.png 150w, https:\/\/tavoittaja.fi\/wp-content\/uploads\/2025\/09\/new-confirm-icon-12x12.png 12w\" sizes=\"auto, (max-width: 160px) 100vw, 160px\" \/><\/figure><div class=\"wp-block-media-text__content\">\n<p class=\"has-text-align-left\" style=\"font-size:18px\"><strong><strong>Confirmations and reservations<\/strong><\/strong><\/p>\n<\/div><\/div>\n<\/div>\n\n\n\n<div class=\"wp-block-column is-vertically-aligned-center is-layout-flow wp-block-column-is-layout-flow\">\n<div class=\"wp-block-media-text api-icon\" style=\"grid-template-columns:20% auto\"><figure class=\"wp-block-media-text__media\"><img loading=\"lazy\" decoding=\"async\" width=\"160\" height=\"160\" src=\"https:\/\/tavoittaja.fi\/wp-content\/uploads\/2025\/09\/new-key-icon.png\" alt=\"\" class=\"wp-image-796 size-full\" srcset=\"https:\/\/tavoittaja.fi\/wp-content\/uploads\/2025\/09\/new-key-icon.png 160w, https:\/\/tavoittaja.fi\/wp-content\/uploads\/2025\/09\/new-key-icon-150x150.png 150w, https:\/\/tavoittaja.fi\/wp-content\/uploads\/2025\/09\/new-key-icon-12x12.png 12w\" sizes=\"auto, (max-width: 160px) 100vw, 160px\" \/><\/figure><div class=\"wp-block-media-text__content\">\n<p class=\"has-text-align-left\" style=\"font-size:18px\"><strong><strong><strong>Single use codes<\/strong><\/strong><\/strong><\/p>\n<\/div><\/div>\n<\/div>\n<\/div>\n\n\n\n<div class=\"wp-block-columns are-vertically-aligned-center is-layout-flex wp-container-core-columns-is-layout-ef350914 wp-block-columns-is-layout-flex\" style=\"padding-top:var(--wp--preset--spacing--30);padding-bottom:var(--wp--preset--spacing--30)\">\n<div class=\"wp-block-column is-vertically-aligned-center is-layout-flow wp-block-column-is-layout-flow\">\n<div class=\"wp-block-media-text api-icon\" style=\"grid-template-columns:20% auto\"><figure class=\"wp-block-media-text__media\"><img loading=\"lazy\" decoding=\"async\" width=\"160\" height=\"160\" src=\"https:\/\/tavoittaja.fi\/wp-content\/uploads\/2025\/09\/new-shop-icon.png\" alt=\"\" class=\"wp-image-800 size-full\" srcset=\"https:\/\/tavoittaja.fi\/wp-content\/uploads\/2025\/09\/new-shop-icon.png 160w, https:\/\/tavoittaja.fi\/wp-content\/uploads\/2025\/09\/new-shop-icon-150x150.png 150w, https:\/\/tavoittaja.fi\/wp-content\/uploads\/2025\/09\/new-shop-icon-12x12.png 12w\" sizes=\"auto, (max-width: 160px) 100vw, 160px\" \/><\/figure><div class=\"wp-block-media-text__content\">\n<p class=\"has-text-align-left\" style=\"font-size:18px\"><strong>Online stores<\/strong><\/p>\n<\/div><\/div>\n<\/div>\n\n\n\n<div class=\"wp-block-column is-vertically-aligned-center is-layout-flow wp-block-column-is-layout-flow\">\n<div class=\"wp-block-media-text api-icon\" style=\"grid-template-columns:20% auto\"><figure class=\"wp-block-media-text__media\"><img loading=\"lazy\" decoding=\"async\" width=\"160\" height=\"160\" src=\"https:\/\/tavoittaja.fi\/wp-content\/uploads\/2025\/09\/new-sys-icon.png\" alt=\"\" class=\"wp-image-802 size-full\" srcset=\"https:\/\/tavoittaja.fi\/wp-content\/uploads\/2025\/09\/new-sys-icon.png 160w, https:\/\/tavoittaja.fi\/wp-content\/uploads\/2025\/09\/new-sys-icon-150x150.png 150w, https:\/\/tavoittaja.fi\/wp-content\/uploads\/2025\/09\/new-sys-icon-12x12.png 12w\" sizes=\"auto, (max-width: 160px) 100vw, 160px\" \/><\/figure><div class=\"wp-block-media-text__content\">\n<p class=\"has-text-align-left\" style=\"font-size:18px\"><strong><strong>Internal systems<\/strong><\/strong><\/p>\n<\/div><\/div>\n<\/div>\n\n\n\n<div class=\"wp-block-column is-vertically-aligned-center is-layout-flow wp-block-column-is-layout-flow\">\n<div class=\"wp-block-media-text api-icon\" style=\"grid-template-columns:20% auto\"><figure class=\"wp-block-media-text__media\"><img loading=\"lazy\" decoding=\"async\" width=\"160\" height=\"160\" src=\"https:\/\/tavoittaja.fi\/wp-content\/uploads\/2025\/09\/new-crisis-icon.png\" alt=\"\" class=\"wp-image-804 size-full\" srcset=\"https:\/\/tavoittaja.fi\/wp-content\/uploads\/2025\/09\/new-crisis-icon.png 160w, https:\/\/tavoittaja.fi\/wp-content\/uploads\/2025\/09\/new-crisis-icon-150x150.png 150w, https:\/\/tavoittaja.fi\/wp-content\/uploads\/2025\/09\/new-crisis-icon-12x12.png 12w\" sizes=\"auto, (max-width: 160px) 100vw, 160px\" \/><\/figure><div class=\"wp-block-media-text__content\">\n<p class=\"has-text-align-left\" style=\"font-size:18px\"><strong><strong>Crisis communications<\/strong><\/strong><\/p>\n<\/div><\/div>\n<\/div>\n<\/div>\n\n\n\n<h3 class=\"wp-block-heading has-text-align-right\" style=\"margin-top:var(--wp--preset--spacing--80)\">\u2026and many other communication needs!<\/h3>\n<\/div>\n\n\n\n<div class=\"wp-block-group is-layout-constrained wp-container-core-group-is-layout-6bf6c13b wp-block-group-is-layout-constrained\" style=\"margin-top:var(--wp--preset--spacing--60);margin-bottom:var(--wp--preset--spacing--60)\">\n<div class=\"wp-block-uagb-advanced-heading uagb-block-c20432a2\"><h2 class=\"uagb-heading-text\"><strong>Reliable SMS API with no monthly fee<\/strong><\/h2><\/div>\n\n\n\n<p>Integrate your system with the Tavoittaja service using the modern SMS API and leverage the best features of both services for your business. The SMS API is easy to implement, and you can access all the necessary information through Tavoittaja\u2019s user interface.&nbsp;&nbsp;<\/p>\n\n\n\n<p>As a Finnish provider, we guarantee that message delivery is reliable and all data remains in Finland. However, you can still send messages worldwide.&nbsp;&nbsp;<\/p>\n\n\n\n<p>The SMS API can efficiently handle even large volumes of messages, and through the Tavoittaja interface, you can track message delivery and receipts practically in real time, or at least based on the information provided by the operators.&nbsp;&nbsp;<\/p>\n\n\n\n<p>The SMS Gateway can be used without a monthly fee! The only cost is the messaging fees, which depend on the volume of messages sent.&nbsp;&nbsp;<\/p>\n\n\n\n<div class=\"wp-block-buttons is-layout-flex wp-block-buttons-is-layout-flex\">\n<div class=\"wp-block-button\"><a class=\"wp-block-button__link wp-element-button\" href=\"https:\/\/app.tavoittaja.fi\/register\" target=\"_blank\" rel=\"noreferrer noopener\">Try for free<\/a><\/div>\n<\/div>\n<\/div>\n\n\n\n<div class=\"wp-block-group alignfull has-ast-global-color-0-background-color has-background is-layout-constrained wp-container-core-group-is-layout-d5d3546b wp-block-group-is-layout-constrained\" style=\"padding-top:var(--wp--preset--spacing--80);padding-bottom:var(--wp--preset--spacing--80);background-image:url(&apos;https:\/\/tavoittaja.fi\/wp-content\/uploads\/2025\/09\/bg-green.png&apos;);background-position:50% 50%;background-size:cover;\">\n<h2 class=\"wp-block-heading has-text-align-center\">Want to learn more?<\/h2>\n\n\n\n<p class=\"has-text-align-center\">We\u2019re happy to tell you more! Our customer service is ready to answer any questions you may have.<\/p>\n\n\n\n<div class=\"wp-block-buttons is-content-justification-center is-layout-flex wp-container-core-buttons-is-layout-a89b3969 wp-block-buttons-is-layout-flex\">\n<div class=\"wp-block-button is-style-fill\"><a class=\"wp-block-button__link has-ast-global-color-2-color has-white-background-color has-text-color has-background has-link-color wp-element-button\" href=\"https:\/\/tavoittaja.fi\/en\/asiakaspalvelu\/\">Contact us<\/a><\/div>\n<\/div>\n<\/div>","protected":false},"excerpt":{"rendered":"<p>Liit\u00e4 Tavoittaja omiinj\u00e4rjestelmiisi SMS Gatewayll\u00e4 Tavoittaja tarjoaa tehokkaan selainpohjaisen SMS-l\u00e4hetysty\u00f6kalunlis\u00e4ksi my\u00f6s tekstiviestirajapinnan tekstiviestien l\u00e4hett\u00e4miseen. Luo jatkuvan tiedonkeruun prosessi rajapinnan avulla&nbsp; [&hellip;]<\/p>\n","protected":false},"author":1,"featured_media":405,"parent":0,"menu_order":0,"comment_status":"closed","ping_status":"closed","template":"","meta":{"_uag_custom_page_level_css":"","site-sidebar-layout":"default","site-content-layout":"","ast-site-content-layout":"default","site-content-style":"default","site-sidebar-style":"default","ast-global-header-display":"","ast-banner-title-visibility":"","ast-main-header-display":"","ast-hfb-above-header-display":"","ast-hfb-below-header-display":"","ast-hfb-mobile-header-display":"","site-post-title":"disabled","ast-breadcrumbs-content":"","ast-featured-img":"disabled","footer-sml-layout":"","ast-disable-related-posts":"","theme-transparent-header-meta":"","adv-header-id-meta":"","stick-header-meta":"","header-above-stick-meta":"","header-main-stick-meta":"","header-below-stick-meta":"","astra-migrate-meta-layouts":"default","ast-page-background-enabled":"default","ast-page-background-meta":{"desktop":{"background-color":"var(--ast-global-color-5)","background-image":"","background-repeat":"repeat","background-position":"center center","background-size":"auto","background-attachment":"scroll","background-type":"","background-media":"","overlay-type":"","overlay-color":"","overlay-opacity":"","overlay-gradient":""},"tablet":{"background-color":"","background-image":"","background-repeat":"repeat","background-position":"center center","background-size":"auto","background-attachment":"scroll","background-type":"","background-media":"","overlay-type":"","overlay-color":"","overlay-opacity":"","overlay-gradient":""},"mobile":{"background-color":"","background-image":"","background-repeat":"repeat","background-position":"center center","background-size":"auto","background-attachment":"scroll","background-type":"","background-media":"","overlay-type":"","overlay-color":"","overlay-opacity":"","overlay-gradient":""}},"ast-content-background-meta":{"desktop":{"background-color":"var(--ast-global-color-4)","background-image":"","background-repeat":"repeat","background-position":"center center","background-size":"auto","background-attachment":"scroll","background-type":"","background-media":"","overlay-type":"","overlay-color":"","overlay-opacity":"","overlay-gradient":""},"tablet":{"background-color":"var(--ast-global-color-4)","background-image":"","background-repeat":"repeat","background-position":"center center","background-size":"auto","background-attachment":"scroll","background-type":"","background-media":"","overlay-type":"","overlay-color":"","overlay-opacity":"","overlay-gradient":""},"mobile":{"background-color":"var(--ast-global-color-4)","background-image":"","background-repeat":"repeat","background-position":"center center","background-size":"auto","background-attachment":"scroll","background-type":"","background-media":"","overlay-type":"","overlay-color":"","overlay-opacity":"","overlay-gradient":""}},"footnotes":""},"class_list":["post-391","page","type-page","status-publish","has-post-thumbnail","hentry"],"yoast_head":"<!-- This site is optimized with the Yoast SEO plugin v27.3 - https:\/\/yoast.com\/product\/yoast-seo-wordpress\/ -->\n<title>Tekstiviestirajapinta SMS API | Ilman kuukausimaksua!<\/title>\n<meta name=\"description\" content=\"Tavoittajaan sis\u00e4ltyy tehokkaan SMS-l\u00e4hetysty\u00f6kalun lis\u00e4ksi my\u00f6s tekstiviestirajapinta eli SMS Gateway tekstiviestien l\u00e4hett\u00e4miseen.\" \/>\n<meta name=\"robots\" content=\"index, follow, max-snippet:-1, max-image-preview:large, max-video-preview:-1\" \/>\n<link rel=\"canonical\" href=\"https:\/\/tavoittaja.fi\/en\/tekstiviestirajapinta\/\" \/>\n<meta property=\"og:locale\" content=\"en_GB\" \/>\n<meta property=\"og:type\" content=\"article\" \/>\n<meta property=\"og:title\" content=\"Tekstiviestirajapinta SMS API | Ilman kuukausimaksua!\" \/>\n<meta property=\"og:description\" content=\"Tavoittajaan sis\u00e4ltyy tehokkaan SMS-l\u00e4hetysty\u00f6kalun lis\u00e4ksi my\u00f6s tekstiviestirajapinta eli SMS Gateway tekstiviestien l\u00e4hett\u00e4miseen.\" \/>\n<meta property=\"og:url\" content=\"https:\/\/tavoittaja.fi\/en\/tekstiviestirajapinta\/\" \/>\n<meta property=\"og:site_name\" content=\"Tavoittaja\" \/>\n<meta property=\"article:modified_time\" content=\"2026-02-27T06:48:12+00:00\" \/>\n<meta property=\"og:image\" content=\"https:\/\/tavoittaja.fi\/wp-content\/uploads\/2025\/09\/tavoittaja-featured-img.png\" \/>\n\t<meta property=\"og:image:width\" content=\"1200\" \/>\n\t<meta property=\"og:image:height\" content=\"628\" \/>\n\t<meta property=\"og:image:type\" content=\"image\/png\" \/>\n<meta name=\"twitter:card\" content=\"summary_large_image\" \/>\n<meta name=\"twitter:label1\" content=\"Estimated reading time\" \/>\n\t<meta name=\"twitter:data1\" content=\"3 minutes\" \/>\n<script type=\"application\/ld+json\" class=\"yoast-schema-graph\">{\"@context\":\"https:\\\/\\\/schema.org\",\"@graph\":[{\"@type\":\"WebPage\",\"@id\":\"https:\\\/\\\/tavoittaja.fi\\\/tekstiviestirajapinta\\\/\",\"url\":\"https:\\\/\\\/tavoittaja.fi\\\/tekstiviestirajapinta\\\/\",\"name\":\"Tekstiviestirajapinta SMS API | Ilman kuukausimaksua!\",\"isPartOf\":{\"@id\":\"https:\\\/\\\/tavoittaja.fi\\\/#website\"},\"primaryImageOfPage\":{\"@id\":\"https:\\\/\\\/tavoittaja.fi\\\/tekstiviestirajapinta\\\/#primaryimage\"},\"image\":{\"@id\":\"https:\\\/\\\/tavoittaja.fi\\\/tekstiviestirajapinta\\\/#primaryimage\"},\"thumbnailUrl\":\"https:\\\/\\\/tavoittaja.fi\\\/wp-content\\\/uploads\\\/2025\\\/09\\\/tavoittaja-featured-img.png\",\"datePublished\":\"2025-09-15T09:55:16+00:00\",\"dateModified\":\"2026-02-27T06:48:12+00:00\",\"description\":\"Tavoittajaan sis\u00e4ltyy tehokkaan SMS-l\u00e4hetysty\u00f6kalun lis\u00e4ksi my\u00f6s tekstiviestirajapinta eli SMS Gateway tekstiviestien l\u00e4hett\u00e4miseen.\",\"breadcrumb\":{\"@id\":\"https:\\\/\\\/tavoittaja.fi\\\/tekstiviestirajapinta\\\/#breadcrumb\"},\"inLanguage\":\"en-GB\",\"potentialAction\":[{\"@type\":\"ReadAction\",\"target\":[\"https:\\\/\\\/tavoittaja.fi\\\/tekstiviestirajapinta\\\/\"]}]},{\"@type\":\"ImageObject\",\"inLanguage\":\"en-GB\",\"@id\":\"https:\\\/\\\/tavoittaja.fi\\\/tekstiviestirajapinta\\\/#primaryimage\",\"url\":\"https:\\\/\\\/tavoittaja.fi\\\/wp-content\\\/uploads\\\/2025\\\/09\\\/tavoittaja-featured-img.png\",\"contentUrl\":\"https:\\\/\\\/tavoittaja.fi\\\/wp-content\\\/uploads\\\/2025\\\/09\\\/tavoittaja-featured-img.png\",\"width\":1200,\"height\":628},{\"@type\":\"BreadcrumbList\",\"@id\":\"https:\\\/\\\/tavoittaja.fi\\\/tekstiviestirajapinta\\\/#breadcrumb\",\"itemListElement\":[{\"@type\":\"ListItem\",\"position\":1,\"name\":\"Home\",\"item\":\"https:\\\/\\\/tavoittaja.fi\\\/\"},{\"@type\":\"ListItem\",\"position\":2,\"name\":\"Tekstiviestirajapinta\"}]},{\"@type\":\"WebSite\",\"@id\":\"https:\\\/\\\/tavoittaja.fi\\\/#website\",\"url\":\"https:\\\/\\\/tavoittaja.fi\\\/\",\"name\":\"Tavoittaja\",\"description\":\"Tekstiviestipalvelu verkossa\",\"publisher\":{\"@id\":\"https:\\\/\\\/tavoittaja.fi\\\/#organization\"},\"potentialAction\":[{\"@type\":\"SearchAction\",\"target\":{\"@type\":\"EntryPoint\",\"urlTemplate\":\"https:\\\/\\\/tavoittaja.fi\\\/?s={search_term_string}\"},\"query-input\":{\"@type\":\"PropertyValueSpecification\",\"valueRequired\":true,\"valueName\":\"search_term_string\"}}],\"inLanguage\":\"en-GB\"},{\"@type\":\"Organization\",\"@id\":\"https:\\\/\\\/tavoittaja.fi\\\/#organization\",\"name\":\"Tavoittaja\",\"url\":\"https:\\\/\\\/tavoittaja.fi\\\/\",\"logo\":{\"@type\":\"ImageObject\",\"inLanguage\":\"en-GB\",\"@id\":\"https:\\\/\\\/tavoittaja.fi\\\/#\\\/schema\\\/logo\\\/image\\\/\",\"url\":\"https:\\\/\\\/tavoittaja.fi\\\/wp-content\\\/uploads\\\/2025\\\/09\\\/tavoittaja-logo-500px-green.png\",\"contentUrl\":\"https:\\\/\\\/tavoittaja.fi\\\/wp-content\\\/uploads\\\/2025\\\/09\\\/tavoittaja-logo-500px-green.png\",\"width\":500,\"height\":127,\"caption\":\"Tavoittaja\"},\"image\":{\"@id\":\"https:\\\/\\\/tavoittaja.fi\\\/#\\\/schema\\\/logo\\\/image\\\/\"}}]}<\/script>\n<!-- \/ Yoast SEO plugin. -->","yoast_head_json":{"title":"Tekstiviestirajapinta SMS API | Ilman kuukausimaksua!","description":"Tavoittajaan sis\u00e4ltyy tehokkaan SMS-l\u00e4hetysty\u00f6kalun lis\u00e4ksi my\u00f6s tekstiviestirajapinta eli SMS Gateway tekstiviestien l\u00e4hett\u00e4miseen.","robots":{"index":"index","follow":"follow","max-snippet":"max-snippet:-1","max-image-preview":"max-image-preview:large","max-video-preview":"max-video-preview:-1"},"canonical":"https:\/\/tavoittaja.fi\/en\/tekstiviestirajapinta\/","og_locale":"en_GB","og_type":"article","og_title":"Tekstiviestirajapinta SMS API | Ilman kuukausimaksua!","og_description":"Tavoittajaan sis\u00e4ltyy tehokkaan SMS-l\u00e4hetysty\u00f6kalun lis\u00e4ksi my\u00f6s tekstiviestirajapinta eli SMS Gateway tekstiviestien l\u00e4hett\u00e4miseen.","og_url":"https:\/\/tavoittaja.fi\/en\/tekstiviestirajapinta\/","og_site_name":"Tavoittaja","article_modified_time":"2026-02-27T06:48:12+00:00","og_image":[{"width":1200,"height":628,"url":"https:\/\/tavoittaja.fi\/wp-content\/uploads\/2025\/09\/tavoittaja-featured-img.png","type":"image\/png"}],"twitter_card":"summary_large_image","twitter_misc":{"Estimated reading time":"3 minutes"},"schema":{"@context":"https:\/\/schema.org","@graph":[{"@type":"WebPage","@id":"https:\/\/tavoittaja.fi\/tekstiviestirajapinta\/","url":"https:\/\/tavoittaja.fi\/tekstiviestirajapinta\/","name":"Tekstiviestirajapinta SMS API | Ilman kuukausimaksua!","isPartOf":{"@id":"https:\/\/tavoittaja.fi\/#website"},"primaryImageOfPage":{"@id":"https:\/\/tavoittaja.fi\/tekstiviestirajapinta\/#primaryimage"},"image":{"@id":"https:\/\/tavoittaja.fi\/tekstiviestirajapinta\/#primaryimage"},"thumbnailUrl":"https:\/\/tavoittaja.fi\/wp-content\/uploads\/2025\/09\/tavoittaja-featured-img.png","datePublished":"2025-09-15T09:55:16+00:00","dateModified":"2026-02-27T06:48:12+00:00","description":"Tavoittajaan sis\u00e4ltyy tehokkaan SMS-l\u00e4hetysty\u00f6kalun lis\u00e4ksi my\u00f6s tekstiviestirajapinta eli SMS Gateway tekstiviestien l\u00e4hett\u00e4miseen.","breadcrumb":{"@id":"https:\/\/tavoittaja.fi\/tekstiviestirajapinta\/#breadcrumb"},"inLanguage":"en-GB","potentialAction":[{"@type":"ReadAction","target":["https:\/\/tavoittaja.fi\/tekstiviestirajapinta\/"]}]},{"@type":"ImageObject","inLanguage":"en-GB","@id":"https:\/\/tavoittaja.fi\/tekstiviestirajapinta\/#primaryimage","url":"https:\/\/tavoittaja.fi\/wp-content\/uploads\/2025\/09\/tavoittaja-featured-img.png","contentUrl":"https:\/\/tavoittaja.fi\/wp-content\/uploads\/2025\/09\/tavoittaja-featured-img.png","width":1200,"height":628},{"@type":"BreadcrumbList","@id":"https:\/\/tavoittaja.fi\/tekstiviestirajapinta\/#breadcrumb","itemListElement":[{"@type":"ListItem","position":1,"name":"Home","item":"https:\/\/tavoittaja.fi\/"},{"@type":"ListItem","position":2,"name":"Tekstiviestirajapinta"}]},{"@type":"WebSite","@id":"https:\/\/tavoittaja.fi\/#website","url":"https:\/\/tavoittaja.fi\/","name":"Tavoittaja","description":"Tekstiviestipalvelu verkossa","publisher":{"@id":"https:\/\/tavoittaja.fi\/#organization"},"potentialAction":[{"@type":"SearchAction","target":{"@type":"EntryPoint","urlTemplate":"https:\/\/tavoittaja.fi\/?s={search_term_string}"},"query-input":{"@type":"PropertyValueSpecification","valueRequired":true,"valueName":"search_term_string"}}],"inLanguage":"en-GB"},{"@type":"Organization","@id":"https:\/\/tavoittaja.fi\/#organization","name":"Tavoittaja","url":"https:\/\/tavoittaja.fi\/","logo":{"@type":"ImageObject","inLanguage":"en-GB","@id":"https:\/\/tavoittaja.fi\/#\/schema\/logo\/image\/","url":"https:\/\/tavoittaja.fi\/wp-content\/uploads\/2025\/09\/tavoittaja-logo-500px-green.png","contentUrl":"https:\/\/tavoittaja.fi\/wp-content\/uploads\/2025\/09\/tavoittaja-logo-500px-green.png","width":500,"height":127,"caption":"Tavoittaja"},"image":{"@id":"https:\/\/tavoittaja.fi\/#\/schema\/logo\/image\/"}}]}},"uagb_featured_image_src":{"full":["https:\/\/tavoittaja.fi\/wp-content\/uploads\/2025\/09\/tavoittaja-featured-img.png",1200,628,false],"thumbnail":["https:\/\/tavoittaja.fi\/wp-content\/uploads\/2025\/09\/tavoittaja-featured-img-150x150.png",150,150,true],"medium":["https:\/\/tavoittaja.fi\/wp-content\/uploads\/2025\/09\/tavoittaja-featured-img-300x157.png",300,157,true],"medium_large":["https:\/\/tavoittaja.fi\/wp-content\/uploads\/2025\/09\/tavoittaja-featured-img-768x402.png",768,402,true],"large":["https:\/\/tavoittaja.fi\/wp-content\/uploads\/2025\/09\/tavoittaja-featured-img-1024x536.png",1024,536,true],"1536x1536":["https:\/\/tavoittaja.fi\/wp-content\/uploads\/2025\/09\/tavoittaja-featured-img.png",1200,628,false],"2048x2048":["https:\/\/tavoittaja.fi\/wp-content\/uploads\/2025\/09\/tavoittaja-featured-img.png",1200,628,false],"trp-custom-language-flag":["https:\/\/tavoittaja.fi\/wp-content\/uploads\/2025\/09\/tavoittaja-featured-img.png",18,9,false]},"uagb_author_info":{"display_name":"prospectum","author_link":"https:\/\/tavoittaja.fi\/en\/author\/prospectum\/"},"uagb_comment_info":0,"uagb_excerpt":"Liit\u00e4 Tavoittaja omiinj\u00e4rjestelmiisi SMS Gatewayll\u00e4 Tavoittaja tarjoaa tehokkaan selainpohjaisen SMS-l\u00e4hetysty\u00f6kalunlis\u00e4ksi my\u00f6s tekstiviestirajapinnan tekstiviestien l\u00e4hett\u00e4miseen. Luo jatkuvan tiedonkeruun prosessi rajapinnan avulla&nbsp; [&hellip;]","_links":{"self":[{"href":"https:\/\/tavoittaja.fi\/en\/wp-json\/wp\/v2\/pages\/391","targetHints":{"allow":["GET"]}}],"collection":[{"href":"https:\/\/tavoittaja.fi\/en\/wp-json\/wp\/v2\/pages"}],"about":[{"href":"https:\/\/tavoittaja.fi\/en\/wp-json\/wp\/v2\/types\/page"}],"author":[{"embeddable":true,"href":"https:\/\/tavoittaja.fi\/en\/wp-json\/wp\/v2\/users\/1"}],"replies":[{"embeddable":true,"href":"https:\/\/tavoittaja.fi\/en\/wp-json\/wp\/v2\/comments?post=391"}],"version-history":[{"count":49,"href":"https:\/\/tavoittaja.fi\/en\/wp-json\/wp\/v2\/pages\/391\/revisions"}],"predecessor-version":[{"id":1140,"href":"https:\/\/tavoittaja.fi\/en\/wp-json\/wp\/v2\/pages\/391\/revisions\/1140"}],"wp:featuredmedia":[{"embeddable":true,"href":"https:\/\/tavoittaja.fi\/en\/wp-json\/wp\/v2\/media\/405"}],"wp:attachment":[{"href":"https:\/\/tavoittaja.fi\/en\/wp-json\/wp\/v2\/media?parent=391"}],"curies":[{"name":"wp","href":"https:\/\/api.w.org\/{rel}","templated":true}]}}